{"id":1716,"date":"2025-11-20T23:57:46","date_gmt":"2025-11-20T22:57:46","guid":{"rendered":"https:\/\/staging.fotobox-berlin-mieten.de\/?page_id=1716"},"modified":"2025-11-21T00:02:04","modified_gmt":"2025-11-20T23:02:04","slug":"drucklayout-erstellen","status":"publish","type":"page","link":"https:\/\/fotobox-berlin-mieten.de\/en\/drucklayout-erstellen\/","title":{"rendered":"drucklayout-erstellen"},"content":{"rendered":"<div data-elementor-type=\"wp-post\" data-elementor-id=\"1716\" class=\"elementor elementor-1716\">\n\t\t\t\t<div class=\"elementor-element elementor-element-b025ff2 elementor-hidden-mobile e-flex e-con-boxed e-con e-parent\" data-id=\"b025ff2\" data-element_type=\"container\" data-e-type=\"container\" data-settings=\"{&quot;jet_parallax_layout_list&quot;:[]}\">\n\t\t\t\t\t<div class=\"e-con-inner\">\n\t\t\t\t\t<\/div>\n\t\t\t\t<\/div>\n\t\t<div class=\"elementor-element elementor-element-f99b133 e-flex e-con-boxed e-con e-parent\" data-id=\"f99b133\" data-element_type=\"container\" data-e-type=\"container\" data-settings=\"{&quot;jet_parallax_layout_list&quot;:[]}\">\n\t\t\t\t\t<div class=\"e-con-inner\">\n\t\t\t\t<div class=\"elementor-element elementor-element-fa6339f elementor-widget elementor-widget-heading\" data-id=\"fa6339f\" data-element_type=\"widget\" data-e-type=\"widget\" data-widget_type=\"heading.default\">\n\t\t\t\t<div class=\"elementor-widget-container\">\n\t\t\t\t\t<h2 class=\"elementor-heading-title elementor-size-default\">Fotobox Berlin Mieten - Drucklayout gestallten<\/h2>\t\t\t\t<\/div>\n\t\t\t\t<\/div>\n\t\t\t\t<div class=\"elementor-element elementor-element-8957b3d elementor-widget elementor-widget-text-editor\" data-id=\"8957b3d\" data-element_type=\"widget\" data-e-type=\"widget\" data-widget_type=\"text-editor.default\">\n\t\t\t\t<div class=\"elementor-widget-container\">\n\t\t\t\t\t\t\t\t\t<p>Unsere Fotobox arbeitet mit einem leistungsstarken Drucker, der Sofortdrucke in Spitzenqualit\u00e4t liefert.<br><br><\/p>\n<p>Das Sofortdruck-Layout, bzw. eigentlich \u201eOverlay\u201c genannt, in das die geschossenen Bilder im laufenden Fotobox-Betrieb automatisch eingef\u00fcgt werden, setzt sich folgenderma\u00dfen zusammen:<\/p>\t\t\t\t\t\t\t\t<\/div>\n\t\t\t\t<\/div>\n\t\t\t\t<div class=\"elementor-element elementor-element-2159017 elementor-widget elementor-widget-image\" data-id=\"2159017\" data-element_type=\"widget\" data-e-type=\"widget\" data-widget_type=\"image.default\">\n\t\t\t\t<div class=\"elementor-widget-container\">\n\t\t\t\t\t\t\t\t\t\t\t\t\t\t\t<img fetchpriority=\"high\" decoding=\"async\" width=\"1024\" height=\"668\" src=\"https:\/\/fotobox-berlin-mieten.de\/wp-content\/uploads\/2025\/11\/Drucklayout-wie-erstelle-ich-eine-Vorlage-1024x668.jpg\" class=\"attachment-large size-large wp-image-1717\" alt=\"\" srcset=\"https:\/\/fotobox-berlin-mieten.de\/wp-content\/uploads\/2025\/11\/Drucklayout-wie-erstelle-ich-eine-Vorlage-1024x668.jpg 1024w, https:\/\/fotobox-berlin-mieten.de\/wp-content\/uploads\/2025\/11\/Drucklayout-wie-erstelle-ich-eine-Vorlage-300x196.jpg 300w, https:\/\/fotobox-berlin-mieten.de\/wp-content\/uploads\/2025\/11\/Drucklayout-wie-erstelle-ich-eine-Vorlage-768x501.jpg 768w, https:\/\/fotobox-berlin-mieten.de\/wp-content\/uploads\/2025\/11\/Drucklayout-wie-erstelle-ich-eine-Vorlage-18x12.jpg 18w, https:\/\/fotobox-berlin-mieten.de\/wp-content\/uploads\/2025\/11\/Drucklayout-wie-erstelle-ich-eine-Vorlage.jpg 1259w\" sizes=\"(max-width: 1024px) 100vw, 1024px\" \/>\t\t\t\t\t\t\t\t\t\t\t\t\t\t\t<\/div>\n\t\t\t\t<\/div>\n\t\t<div class=\"elementor-element elementor-element-4d0073d e-grid e-con-boxed e-con e-child\" data-id=\"4d0073d\" data-element_type=\"container\" data-e-type=\"container\" data-settings=\"{&quot;jet_parallax_layout_list&quot;:[]}\">\n\t\t\t\t\t<div class=\"e-con-inner\">\n\t\t\t\t<div class=\"elementor-element elementor-element-0e5010c elementor-widget elementor-widget-spacer\" data-id=\"0e5010c\" data-element_type=\"widget\" data-e-type=\"widget\" data-widget_type=\"spacer.default\">\n\t\t\t\t<div class=\"elementor-widget-container\">\n\t\t\t\t\t\t\t<div class=\"elementor-spacer\">\n\t\t\t<div class=\"elementor-spacer-inner\"><\/div>\n\t\t<\/div>\n\t\t\t\t\t\t<\/div>\n\t\t\t\t<\/div>\n\t\t\t\t<div class=\"elementor-element elementor-element-eb0670c elementor-icon-list--layout-traditional elementor-list-item-link-full_width elementor-widget elementor-widget-icon-list\" data-id=\"eb0670c\" data-element_type=\"widget\" data-e-type=\"widget\" data-widget_type=\"icon-list.default\">\n\t\t\t\t<div class=\"elementor-widget-container\">\n\t\t\t\t\t\t\t<ul class=\"elementor-icon-list-items\">\n\t\t\t\t\t\t\t<li class=\"elementor-icon-list-item\">\n\t\t\t\t\t\t\t\t\t\t\t<span class=\"elementor-icon-list-icon\">\n\t\t\t\t\t\t\t<svg aria-hidden=\"true\" class=\"e-font-icon-svg e-far-file-image\" viewbox=\"0 0 384 512\" xmlns=\"http:\/\/www.w3.org\/2000\/svg\"><path d=\"M369.9 97.9L286 14C277 5 264.8-.1 252.1-.1H48C21.5 0 0 21.5 0 48v416c0 26.5 21.5 48 48 48h288c26.5 0 48-21.5 48-48V131.9c0-12.7-5.1-25-14.1-34zM332.1 128H256V51.9l76.1 76.1zM48 464V48h160v104c0 13.3 10.7 24 24 24h104v288H48zm32-48h224V288l-23.5-23.5c-4.7-4.7-12.3-4.7-17 0L176 352l-39.5-39.5c-4.7-4.7-12.3-4.7-17 0L80 352v64zm48-240c-26.5 0-48 21.5-48 48s21.5 48 48 48 48-21.5 48-48-21.5-48-48-48z\"><\/path><\/svg>\t\t\t\t\t\t<\/span>\n\t\t\t\t\t\t\t\t\t\t<span class=\"elementor-icon-list-text\">Hintergrund<\/span>\n\t\t\t\t\t\t\t\t\t<\/li>\n\t\t\t\t\t\t\t\t<li class=\"elementor-icon-list-item\">\n\t\t\t\t\t\t\t\t\t\t\t<span class=\"elementor-icon-list-icon\">\n\t\t\t\t\t\t\t<svg aria-hidden=\"true\" class=\"e-font-icon-svg e-far-object-ungroup\" viewbox=\"0 0 576 512\" xmlns=\"http:\/\/www.w3.org\/2000\/svg\"><path d=\"M564 224c6.627 0 12-5.373 12-12v-72c0-6.627-5.373-12-12-12h-72c-6.627 0-12 5.373-12 12v12h-88v-24h12c6.627 0 12-5.373 12-12V44c0-6.627-5.373-12-12-12h-72c-6.627 0-12 5.373-12 12v12H96V44c0-6.627-5.373-12-12-12H12C5.373 32 0 37.373 0 44v72c0 6.627 5.373 12 12 12h12v160H12c-6.627 0-12 5.373-12 12v72c0 6.627 5.373 12 12 12h72c6.627 0 12-5.373 12-12v-12h88v24h-12c-6.627 0-12 5.373-12 12v72c0 6.627 5.373 12 12 12h72c6.627 0 12-5.373 12-12v-12h224v12c0 6.627 5.373 12 12 12h72c6.627 0 12-5.373 12-12v-72c0-6.627-5.373-12-12-12h-12V224h12zM352 64h32v32h-32V64zm0 256h32v32h-32v-32zM64 352H32v-32h32v32zm0-256H32V64h32v32zm32 216v-12c0-6.627-5.373-12-12-12H72V128h12c6.627 0 12-5.373 12-12v-12h224v12c0 6.627 5.373 12 12 12h12v160h-12c-6.627 0-12 5.373-12 12v12H96zm128 136h-32v-32h32v32zm280-64h-12c-6.627 0-12 5.373-12 12v12H256v-12c0-6.627-5.373-12-12-12h-12v-24h88v12c0 6.627 5.373 12 12 12h72c6.627 0 12-5.373 12-12v-72c0-6.627-5.373-12-12-12h-12v-88h88v12c0 6.627 5.373 12 12 12h12v160zm40 64h-32v-32h32v32zm0-256h-32v-32h32v32z\"><\/path><\/svg>\t\t\t\t\t\t<\/span>\n\t\t\t\t\t\t\t\t\t\t<span class=\"elementor-icon-list-text\">Art &amp; Anzahl der Rahmen<\/span>\n\t\t\t\t\t\t\t\t\t<\/li>\n\t\t\t\t\t\t\t\t<li class=\"elementor-icon-list-item\">\n\t\t\t\t\t\t\t\t\t\t\t<span class=\"elementor-icon-list-icon\">\n\t\t\t\t\t\t\t<svg aria-hidden=\"true\" class=\"e-font-icon-svg e-far-file-alt\" viewbox=\"0 0 384 512\" xmlns=\"http:\/\/www.w3.org\/2000\/svg\"><path d=\"M288 248v28c0 6.6-5.4 12-12 12H108c-6.6 0-12-5.4-12-12v-28c0-6.6 5.4-12 12-12h168c6.6 0 12 5.4 12 12zm-12 72H108c-6.6 0-12 5.4-12 12v28c0 6.6 5.4 12 12 12h168c6.6 0 12-5.4 12-12v-28c0-6.6-5.4-12-12-12zm108-188.1V464c0 26.5-21.5 48-48 48H48c-26.5 0-48-21.5-48-48V48C0 21.5 21.5 0 48 0h204.1C264.8 0 277 5.1 286 14.1L369.9 98c9 8.9 14.1 21.2 14.1 33.9zm-128-80V128h76.1L256 51.9zM336 464V176H232c-13.3 0-24-10.7-24-24V48H48v416h288z\"><\/path><\/svg>\t\t\t\t\t\t<\/span>\n\t\t\t\t\t\t\t\t\t\t<span class=\"elementor-icon-list-text\">Individueller Text<\/span>\n\t\t\t\t\t\t\t\t\t<\/li>\n\t\t\t\t\t\t\t\t<li class=\"elementor-icon-list-item\">\n\t\t\t\t\t\t\t\t\t\t\t<span class=\"elementor-icon-list-icon\">\n\t\t\t\t\t\t\t<svg aria-hidden=\"true\" class=\"e-font-icon-svg e-far-heart\" viewbox=\"0 0 512 512\" xmlns=\"http:\/\/www.w3.org\/2000\/svg\"><path d=\"M458.4 64.3C400.6 15.7 311.3 23 256 79.3 200.7 23 111.4 15.6 53.6 64.3-21.6 127.6-10.6 230.8 43 285.5l175.4 178.7c10 10.2 23.4 15.9 37.6 15.9 14.3 0 27.6-5.6 37.6-15.8L469 285.6c53.5-54.7 64.7-157.9-10.6-221.3zm-23.6 187.5L259.4 430.5c-2.4 2.4-4.4 2.4-6.8 0L77.2 251.8c-36.5-37.2-43.9-107.6 7.3-150.7 38.9-32.7 98.9-27.8 136.5 10.5l35 35.7 35-35.7c37.8-38.5 97.8-43.2 136.5-10.6 51.1 43.1 43.5 113.9 7.3 150.8z\"><\/path><\/svg>\t\t\t\t\t\t<\/span>\n\t\t\t\t\t\t\t\t\t\t<span class=\"elementor-icon-list-text\">Ggf. individuelle Grafik (Logo, Ringe etc)<\/span>\n\t\t\t\t\t\t\t\t\t<\/li>\n\t\t\t\t\t\t<\/ul>\n\t\t\t\t\t\t<\/div>\n\t\t\t\t<\/div>\n\t\t\t\t\t<\/div>\n\t\t\t\t<\/div>\n\t\t\t\t<div class=\"elementor-element elementor-element-14ebef0 elementor-widget elementor-widget-text-editor\" data-id=\"14ebef0\" data-element_type=\"widget\" data-e-type=\"widget\" data-widget_type=\"text-editor.default\">\n\t\t\t\t<div class=\"elementor-widget-container\">\n\t\t\t\t\t\t\t\t\t<p>Als Hintergrund kann jedes beliebige Bild eingesetzt werden (<b>min. 1800&#215;1200 Pixel<\/b>). Die Anzahl der Rahmen definiert auch die Anzahl der Bilder, die nach dem Ausl\u00f6sen in Serie (im Abstand von 5 Sekunden) geschossen werden. Die Anordnung ist im Prinzip frei konfigurierbar.<br><br>In der <a href=\"https:\/\/fotobox-ber.de\/drucklayout\/\">Beispiel-Galerie<\/a> sehen Sie ein paar Overlay-Beispiele mit unterschiedlicher Anzahl von Bildern, auch Anordnung und Art der Rahmen variieren.<\/p>\t\t\t\t\t\t\t\t<\/div>\n\t\t\t\t<\/div>\n\t\t\t\t<div class=\"elementor-element elementor-element-aabdfaa elementor-widget elementor-widget-heading\" data-id=\"aabdfaa\" data-element_type=\"widget\" data-e-type=\"widget\" data-widget_type=\"heading.default\">\n\t\t\t\t<div class=\"elementor-widget-container\">\n\t\t\t\t\t<h2 class=\"elementor-heading-title elementor-size-default\">Sie wollen Ihr Layout selbst gestalten? Kein Problem!<\/h2>\t\t\t\t<\/div>\n\t\t\t\t<\/div>\n\t\t\t\t<div class=\"elementor-element elementor-element-93a9ec7 elementor-widget elementor-widget-text-editor\" data-id=\"93a9ec7\" data-element_type=\"widget\" data-e-type=\"widget\" data-widget_type=\"text-editor.default\">\n\t\t\t\t<div class=\"elementor-widget-container\">\n\t\t\t\t\t\t\t\t\t<p>Bitte achtet beim Layouten aber unbedingt auf Folgendes:<br \/><br \/>1.Die Bildgr\u00f6\u00dfe muss 1800\u00d71200 Pixel betragen<br \/><br \/>2.Die Schnittkanten m\u00fcssen mindestens 30 Pixel Abstand zum Rand haben, da sonst eventuell Elemente abgeschnitten werden k\u00f6nnten<br \/><br \/>3.Um sp\u00e4ter die Fotos in einen Rahmen drucken zu k\u00f6nnen, m\u00fcssen die daf\u00fcr vorgesehenen Fl\u00e4chentransparent sein und das Seitenverh\u00e4ltnis dieser Fl\u00e4chen in einem Verh\u00e4ltnis von 3:2 gelayoutet werden. Die Gestaltung und die Anzahl der Bilder bzw. auch der Bilderrahmen steht Euch frei, erfahrungsgem\u00e4\u00df machen aber mehr als 4 Bilder auf einem Layout keinen Sinn, weil diese dann zu klein ausfallen.<\/p>\t\t\t\t\t\t\t\t<\/div>\n\t\t\t\t<\/div>\n\t\t\t\t\t<\/div>\n\t\t\t\t<\/div>\n\t\t\t\t<\/div>","protected":false},"excerpt":{"rendered":"<p>Fotobox Berlin Mieten &#8211; Drucklayout gestallten Unsere Fotobox arbeitet mit einem leistungsstarken Drucker, der Sofortdrucke in Spitzenqualit\u00e4t liefert. Das Sofortdruck-Layout, bzw. eigentlich \u201eOverlay\u201c genannt, in das die geschossenen Bilder im laufenden Fotobox-Betrieb automatisch eingef\u00fcgt werden, setzt sich folgenderma\u00dfen zusammen: Hintergrund Art &amp; Anzahl der Rahmen Individueller Text Ggf. individuelle Grafik (Logo, Ringe etc) Als Hintergrund [&hellip;]<\/p>\n","protected":false},"author":2,"featured_media":0,"parent":0,"menu_order":0,"comment_status":"closed","ping_status":"closed","template":"full-width.php","meta":{"_acf_changed":false,"ngg_post_thumbnail":0,"footnotes":""},"class_list":["post-1716","page","type-page","status-publish","hentry"],"acf":[],"yoast_head":"<!-- This site is optimized with the Yoast SEO plugin v27.4 - https:\/\/yoast.com\/product\/yoast-seo-wordpress\/ -->\n<title>Fotobox Berlin mieten | Lieferung, Druck &amp; pers\u00f6nlichem Support<\/title>\n<meta name=\"description\" content=\"Jetzt Ihre Fotobox in Berlin mieten \u2013 ideal f\u00fcr Hochzeit, Geburtstag &amp; Events. Inkl. Lieferung, Sofortdruck &amp; pers\u00f6nlichem Support.\" \/>\n<meta name=\"robots\" content=\"index, follow, max-snippet:-1, max-image-preview:large, max-video-preview:-1\" \/>\n<link rel=\"canonical\" href=\"https:\/\/fotobox-berlin-mieten.de\/en\/drucklayout-erstellen\/\" \/>\n<meta property=\"og:locale\" content=\"en_US\" \/>\n<meta property=\"og:type\" content=\"article\" \/>\n<meta property=\"og:title\" content=\"Fotobox Berlin mieten | Lieferung, Druck &amp; pers\u00f6nlichem Support\" \/>\n<meta property=\"og:description\" content=\"Jetzt Ihre Fotobox in Berlin mieten \u2013 ideal f\u00fcr Hochzeit, Geburtstag &amp; Events. Inkl. Lieferung, Sofortdruck &amp; pers\u00f6nlichem Support.\" \/>\n<meta property=\"og:url\" content=\"https:\/\/fotobox-berlin-mieten.de\/en\/drucklayout-erstellen\/\" \/>\n<meta property=\"og:site_name\" content=\"Fotobox Berlin Mieten\" \/>\n<meta property=\"article:modified_time\" content=\"2025-11-20T23:02:04+00:00\" \/>\n<meta property=\"og:image\" content=\"https:\/\/fotobox-berlin-mieten.de\/wp-content\/uploads\/2025\/11\/Drucklayout-wie-erstelle-ich-eine-Vorlage-1024x668.jpg\" \/>\n<meta name=\"twitter:card\" content=\"summary_large_image\" \/>\n<meta name=\"twitter:label1\" content=\"Est. reading time\" \/>\n\t<meta name=\"twitter:data1\" content=\"2 minutes\" \/>\n<script type=\"application\/ld+json\" class=\"yoast-schema-graph\">{\"@context\":\"https:\\\/\\\/schema.org\",\"@graph\":[{\"@type\":\"WebPage\",\"@id\":\"https:\\\/\\\/fotobox-berlin-mieten.de\\\/drucklayout-erstellen\\\/\",\"url\":\"https:\\\/\\\/fotobox-berlin-mieten.de\\\/drucklayout-erstellen\\\/\",\"name\":\"Fotobox Berlin mieten | Lieferung, Druck & pers\u00f6nlichem Support\",\"isPartOf\":{\"@id\":\"https:\\\/\\\/fotobox-berlin-mieten.de\\\/#website\"},\"primaryImageOfPage\":{\"@id\":\"https:\\\/\\\/fotobox-berlin-mieten.de\\\/drucklayout-erstellen\\\/#primaryimage\"},\"image\":{\"@id\":\"https:\\\/\\\/fotobox-berlin-mieten.de\\\/drucklayout-erstellen\\\/#primaryimage\"},\"thumbnailUrl\":\"https:\\\/\\\/fotobox-berlin-mieten.de\\\/wp-content\\\/uploads\\\/2025\\\/11\\\/Drucklayout-wie-erstelle-ich-eine-Vorlage-1024x668.jpg\",\"datePublished\":\"2025-11-20T22:57:46+00:00\",\"dateModified\":\"2025-11-20T23:02:04+00:00\",\"description\":\"Jetzt Ihre Fotobox in Berlin mieten \u2013 ideal f\u00fcr Hochzeit, Geburtstag & Events. Inkl. Lieferung, Sofortdruck & pers\u00f6nlichem Support.\",\"breadcrumb\":{\"@id\":\"https:\\\/\\\/fotobox-berlin-mieten.de\\\/drucklayout-erstellen\\\/#breadcrumb\"},\"inLanguage\":\"en-US\",\"potentialAction\":[{\"@type\":\"ReadAction\",\"target\":[\"https:\\\/\\\/fotobox-berlin-mieten.de\\\/drucklayout-erstellen\\\/\"]}]},{\"@type\":\"ImageObject\",\"inLanguage\":\"en-US\",\"@id\":\"https:\\\/\\\/fotobox-berlin-mieten.de\\\/drucklayout-erstellen\\\/#primaryimage\",\"url\":\"https:\\\/\\\/fotobox-berlin-mieten.de\\\/wp-content\\\/uploads\\\/2025\\\/11\\\/Drucklayout-wie-erstelle-ich-eine-Vorlage-1024x668.jpg\",\"contentUrl\":\"https:\\\/\\\/fotobox-berlin-mieten.de\\\/wp-content\\\/uploads\\\/2025\\\/11\\\/Drucklayout-wie-erstelle-ich-eine-Vorlage-1024x668.jpg\"},{\"@type\":\"BreadcrumbList\",\"@id\":\"https:\\\/\\\/fotobox-berlin-mieten.de\\\/drucklayout-erstellen\\\/#breadcrumb\",\"itemListElement\":[{\"@type\":\"ListItem\",\"position\":1,\"name\":\"Startseite\",\"item\":\"https:\\\/\\\/fotobox-berlin-mieten.de\\\/\"},{\"@type\":\"ListItem\",\"position\":2,\"name\":\"drucklayout-erstellen\"}]},{\"@type\":\"WebSite\",\"@id\":\"https:\\\/\\\/fotobox-berlin-mieten.de\\\/#website\",\"url\":\"https:\\\/\\\/fotobox-berlin-mieten.de\\\/\",\"name\":\"Fotobox Berlin Mieten\",\"description\":\"Design Fotobox f\u00fcr jede Veranstaltung in Berlin\",\"potentialAction\":[{\"@type\":\"SearchAction\",\"target\":{\"@type\":\"EntryPoint\",\"urlTemplate\":\"https:\\\/\\\/fotobox-berlin-mieten.de\\\/?s={search_term_string}\"},\"query-input\":{\"@type\":\"PropertyValueSpecification\",\"valueRequired\":true,\"valueName\":\"search_term_string\"}}],\"inLanguage\":\"en-US\"}]}<\/script>\n<!-- \/ Yoast SEO plugin. -->","yoast_head_json":{"title":"Fotobox Berlin mieten | Lieferung, Druck & pers\u00f6nlichem Support","description":"Jetzt Ihre Fotobox in Berlin mieten \u2013 ideal f\u00fcr Hochzeit, Geburtstag & Events. Inkl. Lieferung, Sofortdruck & pers\u00f6nlichem Support.","robots":{"index":"index","follow":"follow","max-snippet":"max-snippet:-1","max-image-preview":"max-image-preview:large","max-video-preview":"max-video-preview:-1"},"canonical":"https:\/\/fotobox-berlin-mieten.de\/en\/drucklayout-erstellen\/","og_locale":"en_US","og_type":"article","og_title":"Fotobox Berlin mieten | Lieferung, Druck & pers\u00f6nlichem Support","og_description":"Jetzt Ihre Fotobox in Berlin mieten \u2013 ideal f\u00fcr Hochzeit, Geburtstag & Events. Inkl. Lieferung, Sofortdruck & pers\u00f6nlichem Support.","og_url":"https:\/\/fotobox-berlin-mieten.de\/en\/drucklayout-erstellen\/","og_site_name":"Fotobox Berlin Mieten","article_modified_time":"2025-11-20T23:02:04+00:00","og_image":[{"url":"https:\/\/fotobox-berlin-mieten.de\/wp-content\/uploads\/2025\/11\/Drucklayout-wie-erstelle-ich-eine-Vorlage-1024x668.jpg","type":"","width":"","height":""}],"twitter_card":"summary_large_image","twitter_misc":{"Est. reading time":"2 minutes"},"schema":{"@context":"https:\/\/schema.org","@graph":[{"@type":"WebPage","@id":"https:\/\/fotobox-berlin-mieten.de\/drucklayout-erstellen\/","url":"https:\/\/fotobox-berlin-mieten.de\/drucklayout-erstellen\/","name":"Fotobox Berlin mieten | Lieferung, Druck & pers\u00f6nlichem Support","isPartOf":{"@id":"https:\/\/fotobox-berlin-mieten.de\/#website"},"primaryImageOfPage":{"@id":"https:\/\/fotobox-berlin-mieten.de\/drucklayout-erstellen\/#primaryimage"},"image":{"@id":"https:\/\/fotobox-berlin-mieten.de\/drucklayout-erstellen\/#primaryimage"},"thumbnailUrl":"https:\/\/fotobox-berlin-mieten.de\/wp-content\/uploads\/2025\/11\/Drucklayout-wie-erstelle-ich-eine-Vorlage-1024x668.jpg","datePublished":"2025-11-20T22:57:46+00:00","dateModified":"2025-11-20T23:02:04+00:00","description":"Jetzt Ihre Fotobox in Berlin mieten \u2013 ideal f\u00fcr Hochzeit, Geburtstag & Events. Inkl. Lieferung, Sofortdruck & pers\u00f6nlichem Support.","breadcrumb":{"@id":"https:\/\/fotobox-berlin-mieten.de\/drucklayout-erstellen\/#breadcrumb"},"inLanguage":"en-US","potentialAction":[{"@type":"ReadAction","target":["https:\/\/fotobox-berlin-mieten.de\/drucklayout-erstellen\/"]}]},{"@type":"ImageObject","inLanguage":"en-US","@id":"https:\/\/fotobox-berlin-mieten.de\/drucklayout-erstellen\/#primaryimage","url":"https:\/\/fotobox-berlin-mieten.de\/wp-content\/uploads\/2025\/11\/Drucklayout-wie-erstelle-ich-eine-Vorlage-1024x668.jpg","contentUrl":"https:\/\/fotobox-berlin-mieten.de\/wp-content\/uploads\/2025\/11\/Drucklayout-wie-erstelle-ich-eine-Vorlage-1024x668.jpg"},{"@type":"BreadcrumbList","@id":"https:\/\/fotobox-berlin-mieten.de\/drucklayout-erstellen\/#breadcrumb","itemListElement":[{"@type":"ListItem","position":1,"name":"Startseite","item":"https:\/\/fotobox-berlin-mieten.de\/"},{"@type":"ListItem","position":2,"name":"drucklayout-erstellen"}]},{"@type":"WebSite","@id":"https:\/\/fotobox-berlin-mieten.de\/#website","url":"https:\/\/fotobox-berlin-mieten.de\/","name":"Rent a photo booth Berlin","description":"Design Fotobox f\u00fcr jede Veranstaltung in Berlin","potentialAction":[{"@type":"SearchAction","target":{"@type":"EntryPoint","urlTemplate":"https:\/\/fotobox-berlin-mieten.de\/?s={search_term_string}"},"query-input":{"@type":"PropertyValueSpecification","valueRequired":true,"valueName":"search_term_string"}}],"inLanguage":"en-US"}]}},"_links":{"self":[{"href":"https:\/\/fotobox-berlin-mieten.de\/en\/wp-json\/wp\/v2\/pages\/1716","targetHints":{"allow":["GET"]}}],"collection":[{"href":"https:\/\/fotobox-berlin-mieten.de\/en\/wp-json\/wp\/v2\/pages"}],"about":[{"href":"https:\/\/fotobox-berlin-mieten.de\/en\/wp-json\/wp\/v2\/types\/page"}],"author":[{"embeddable":true,"href":"https:\/\/fotobox-berlin-mieten.de\/en\/wp-json\/wp\/v2\/users\/2"}],"replies":[{"embeddable":true,"href":"https:\/\/fotobox-berlin-mieten.de\/en\/wp-json\/wp\/v2\/comments?post=1716"}],"version-history":[{"count":7,"href":"https:\/\/fotobox-berlin-mieten.de\/en\/wp-json\/wp\/v2\/pages\/1716\/revisions"}],"predecessor-version":[{"id":1724,"href":"https:\/\/fotobox-berlin-mieten.de\/en\/wp-json\/wp\/v2\/pages\/1716\/revisions\/1724"}],"wp:attachment":[{"href":"https:\/\/fotobox-berlin-mieten.de\/en\/wp-json\/wp\/v2\/media?parent=1716"}],"curies":[{"name":"wp","href":"https:\/\/api.w.org\/{rel}","templated":true}]}}