{"id":1773,"date":"2025-11-22T12:59:15","date_gmt":"2025-11-22T11:59:15","guid":{"rendered":"https:\/\/staging.fotobox-berlin-mieten.de\/?page_id=1773"},"modified":"2025-12-17T12:12:32","modified_gmt":"2025-12-17T11:12:32","slug":"ablauf","status":"publish","type":"page","link":"https:\/\/fotobox-berlin-mieten.de\/en\/ablauf\/","title":{"rendered":"ablauf"},"content":{"rendered":"<div data-elementor-type=\"wp-page\" data-elementor-id=\"1773\" class=\"elementor elementor-1773\">\n\t\t\t\t<div class=\"elementor-element elementor-element-711da97 e-flex e-con-boxed e-con e-parent\" data-id=\"711da97\" data-element_type=\"container\" data-e-type=\"container\" data-settings=\"{&quot;jet_parallax_layout_list&quot;:[]}\">\n\t\t\t\t\t<div class=\"e-con-inner\">\n\t\t\t\t<div class=\"elementor-element elementor-element-2cb42a5 elementor-widget elementor-widget-heading\" data-id=\"2cb42a5\" data-element_type=\"widget\" data-e-type=\"widget\" data-widget_type=\"heading.default\">\n\t\t\t\t<div class=\"elementor-widget-container\">\n\t\t\t\t\t<h2 class=\"elementor-heading-title elementor-size-default\">Renting a photo booth in Berlin explained briefly and simply<\/h2>\t\t\t\t<\/div>\n\t\t\t\t<\/div>\n\t\t\t\t<div class=\"elementor-element elementor-element-0ac7f0a elementor-widget elementor-widget-image\" data-id=\"0ac7f0a\" data-element_type=\"widget\" data-e-type=\"widget\" data-widget_type=\"image.default\">\n\t\t\t\t<div class=\"elementor-widget-container\">\n\t\t\t\t\t\t\t\t\t\t\t\t\t\t\t<img decoding=\"async\" width=\"96\" height=\"18\" data-src=\"https:\/\/fotobox-berlin-mieten.de\/wp-content\/uploads\/2018\/12\/line.png\" class=\"attachment-large size-large wp-image-22 lazyload\" alt=\"\" src=\"data:image\/svg+xml;base64,PHN2ZyB3aWR0aD0iMSIgaGVpZ2h0PSIxIiB4bWxucz0iaHR0cDovL3d3dy53My5vcmcvMjAwMC9zdmciPjwvc3ZnPg==\" style=\"--smush-placeholder-width: 96px; --smush-placeholder-aspect-ratio: 96\/18;\" \/>\t\t\t\t\t\t\t\t\t\t\t\t\t\t\t<\/div>\n\t\t\t\t<\/div>\n\t\t\t\t\t<\/div>\n\t\t\t\t<\/div>\n\t\t<div class=\"elementor-element elementor-element-2bc32db e-flex e-con-boxed e-con e-parent\" data-id=\"2bc32db\" data-element_type=\"container\" data-e-type=\"container\" data-settings=\"{&quot;jet_parallax_layout_list&quot;:[]}\">\n\t\t\t\t\t<div class=\"e-con-inner\">\n\t\t\t\t<div class=\"elementor-element elementor-element-42fcfa4 elementor-widget elementor-widget-jet-timeline\" data-id=\"42fcfa4\" data-element_type=\"widget\" data-e-type=\"widget\" data-widget_type=\"jet-timeline.default\">\n\t\t\t\t<div class=\"elementor-widget-container\">\n\t\t\t\t\t<div class=\"elementor-jet-timeline jet-elements\"><div class=\"jet-timeline jet-timeline--align-center jet-timeline--align-middle\">\n\t<div class=\"jet-timeline__line\"><div class=\"jet-timeline__line-progress\"><\/div><\/div>\n\t<div class=\"jet-timeline-list\"><div class=\"jet-timeline-item jet-timeline-item--animated elementor-repeater-item-a5cc8ae jet-timeline-item--image-inside\">\n\t<div class=\"timeline-item__card\">\n\t\t<div class=\"timeline-item__card-inner\">\n\t\t\t\t\t\t\t\t<div class=\"timeline-item__card-content\">\n\t\t\t\t\t<div class=\"timeline-item__meta\"><div class=\"timeline-item__meta-content\">Availability request<\/div><\/div><h5 class=\"timeline-item__card-title\">Is the photo booth available?<\/h5><div class=\"timeline-item__card-desc\">First, check if our photo booth is available on your desired date. You can decide in advance whether you would like a photo booth and printer, or if you are interested in self-pickup or our pick-up and delivery service. Of course, you can also clarify this directly with us later.<\/div><div class=\"timeline-item__card-btn-wrap\"><a class=\"timeline-item__card-btn elementor-button elementor-size-md\" role=\"button\" href=\"https:\/\/fotobox-berlin-mieten.de\/en\/reservieren\/\">Inquiries<\/a><\/div>\t\t\t\t<\/div>\n\t\t\t\t\t\t<\/div>\n\t\t<div class=\"timeline-item__card-arrow\"><\/div>\n\t<\/div>\n\t<div class=\"timeline-item__point\"><div class=\"timeline-item__point-content timeline-item__point-content--icon\"><span class=\"jet-elements-icon\"><svg aria-hidden=\"true\" class=\"e-font-icon-svg e-fas-calendar-alt\" viewbox=\"0 0 448 512\" xmlns=\"http:\/\/www.w3.org\/2000\/svg\"><path d=\"M0 464c0 26.5 21.5 48 48 48h352c26.5 0 48-21.5 48-48V192H0v272zm320-196c0-6.6 5.4-12 12-12h40c6.6 0 12 5.4 12 12v40c0 6.6-5.4 12-12 12h-40c-6.6 0-12-5.4-12-12v-40zm0 128c0-6.6 5.4-12 12-12h40c6.6 0 12 5.4 12 12v40c0 6.6-5.4 12-12 12h-40c-6.6 0-12-5.4-12-12v-40zM192 268c0-6.6 5.4-12 12-12h40c6.6 0 12 5.4 12 12v40c0 6.6-5.4 12-12 12h-40c-6.6 0-12-5.4-12-12v-40zm0 128c0-6.6 5.4-12 12-12h40c6.6 0 12 5.4 12 12v40c0 6.6-5.4 12-12 12h-40c-6.6 0-12-5.4-12-12v-40zM64 268c0-6.6 5.4-12 12-12h40c6.6 0 12 5.4 12 12v40c0 6.6-5.4 12-12 12H76c-6.6 0-12-5.4-12-12v-40zm0 128c0-6.6 5.4-12 12-12h40c6.6 0 12 5.4 12 12v40c0 6.6-5.4 12-12 12H76c-6.6 0-12-5.4-12-12v-40zM400 64h-48V16c0-8.8-7.2-16-16-16h-32c-8.8 0-16 7.2-16 16v48H160V16c0-8.8-7.2-16-16-16h-32c-8.8 0-16 7.2-16 16v48H48C21.5 64 0 85.5 0 112v48h448v-48c0-26.5-21.5-48-48-48z\"><\/path><\/svg><\/span><\/div><\/div><div class=\"timeline-item__meta\"><div class=\"timeline-item__meta-content\">Availability request<\/div><\/div><\/div><div class=\"jet-timeline-item jet-timeline-item--animated elementor-repeater-item-6ae4191 jet-timeline-item--image-inside\">\n\t<div class=\"timeline-item__card\">\n\t\t<div class=\"timeline-item__card-inner\">\n\t\t\t\t\t\t\t\t<div class=\"timeline-item__card-content\">\n\t\t\t\t\t<div class=\"timeline-item__meta\"><div class=\"timeline-item__meta-content\">Free and non-binding offer<\/div><\/div><h5 class=\"timeline-item__card-title\">You will receive...<\/h5><div class=\"timeline-item__card-desc\">After your inquiry, you will receive a free and non-binding offer. This offer is valid for a limited time during which you can accept it. Once we receive confirmation of the offer, your photo booth will be reserved for your date. Should something come up, that's no problem; you can cancel free of charge up to two days before your event and receive a full refund immediately.<\/div>\t\t\t\t<\/div>\n\t\t\t\t\t\t<\/div>\n\t\t<div class=\"timeline-item__card-arrow\"><\/div>\n\t<\/div>\n\t<div class=\"timeline-item__point\"><div class=\"timeline-item__point-content timeline-item__point-content--icon\"><span class=\"jet-elements-icon\"><svg aria-hidden=\"true\" class=\"e-font-icon-svg e-fas-calendar-check\" viewbox=\"0 0 448 512\" xmlns=\"http:\/\/www.w3.org\/2000\/svg\"><path d=\"M436 160H12c-6.627 0-12-5.373-12-12v-36c0-26.51 21.49-48 48-48h48V12c0-6.627 5.373-12 12-12h40c6.627 0 12 5.373 12 12v52h128V12c0-6.627 5.373-12 12-12h40c6.627 0 12 5.373 12 12v52h48c26.51 0 48 21.49 48 48v36c0 6.627-5.373 12-12 12zM12 192h424c6.627 0 12 5.373 12 12v260c0 26.51-21.49 48-48 48H48c-26.51 0-48-21.49-48-48V204c0-6.627 5.373-12 12-12zm333.296 95.947l-28.169-28.398c-4.667-4.705-12.265-4.736-16.97-.068L194.12 364.665l-45.98-46.352c-4.667-4.705-12.266-4.736-16.971-.068l-28.397 28.17c-4.705 4.667-4.736 12.265-.068 16.97l82.601 83.269c4.667 4.705 12.265 4.736 16.97.068l142.953-141.805c4.705-4.667 4.736-12.265.068-16.97z\"><\/path><\/svg><\/span><\/div><\/div><div class=\"timeline-item__meta\"><div class=\"timeline-item__meta-content\">Free and non-binding offer<\/div><\/div><\/div><div class=\"jet-timeline-item jet-timeline-item--animated elementor-repeater-item-7acca76 jet-timeline-item--image-inside\">\n\t<div class=\"timeline-item__card\">\n\t\t<div class=\"timeline-item__card-inner\">\n\t\t\t\t\t\t\t\t<div class=\"timeline-item__card-content\">\n\t\t\t\t\t<div class=\"timeline-item__meta\"><div class=\"timeline-item__meta-content\">Event planning with the photo booth<\/div><\/div><h5 class=\"timeline-item__card-title\">Those who have the choice...<\/h5><div class=\"timeline-item__card-desc\">...has the difficult decision to make. Once you've confirmed the offer, we'll discuss the next steps. This includes: Which print layout (branding) would you like? When and where should the photo booth be set up? When should we pick it up again? Or are there any other questions we can help you with? We'll answer all your questions and always find a solution.<\/div>\t\t\t\t<\/div>\n\t\t\t\t\t\t<\/div>\n\t\t<div class=\"timeline-item__card-arrow\"><\/div>\n\t<\/div>\n\t<div class=\"timeline-item__point\"><div class=\"timeline-item__point-content timeline-item__point-content--icon\"><span class=\"jet-elements-icon\"><svg aria-hidden=\"true\" class=\"e-font-icon-svg e-far-check-circle\" viewbox=\"0 0 512 512\" xmlns=\"http:\/\/www.w3.org\/2000\/svg\"><path d=\"M256 8C119.033 8 8 119.033 8 256s111.033 248 248 248 248-111.033 248-248S392.967 8 256 8zm0 48c110.532 0 200 89.451 200 200 0 110.532-89.451 200-200 200-110.532 0-200-89.451-200-200 0-110.532 89.451-200 200-200m140.204 130.267l-22.536-22.718c-4.667-4.705-12.265-4.736-16.97-.068L215.346 303.697l-59.792-60.277c-4.667-4.705-12.265-4.736-16.97-.069l-22.719 22.536c-4.705 4.667-4.736 12.265-.068 16.971l90.781 91.516c4.667 4.705 12.265 4.736 16.97.068l172.589-171.204c4.704-4.668 4.734-12.266.067-16.971z\"><\/path><\/svg><\/span><\/div><\/div><div class=\"timeline-item__meta\"><div class=\"timeline-item__meta-content\">Event planning with the photo booth<\/div><\/div><\/div><div class=\"jet-timeline-item jet-timeline-item--animated elementor-repeater-item-8208b52 jet-timeline-item--image-inside\">\n\t<div class=\"timeline-item__card\">\n\t\t<div class=\"timeline-item__card-inner\">\n\t\t\t\t\t\t\t\t<div class=\"timeline-item__card-content\">\n\t\t\t\t\t<div class=\"timeline-item__meta\"><div class=\"timeline-item__meta-content\">Delivery of the photo booth<\/div><\/div><h5 class=\"timeline-item__card-title\">The event begins<\/h5><div class=\"timeline-item__card-desc\">Once we've discussed everything and agreed on a date, we'll deliver the photo booth to your chosen location on the agreed date. Of course, after consulting with you or the event venue, we'll set up the photo booth in a suitable location. We'll test all the settings on-site and adjust the booth to the specific lighting conditions. You'll also receive a brief tutorial, and then the fun can begin!<\/div>\t\t\t\t<\/div>\n\t\t\t\t\t\t<\/div>\n\t\t<div class=\"timeline-item__card-arrow\"><\/div>\n\t<\/div>\n\t<div class=\"timeline-item__point\"><div class=\"timeline-item__point-content timeline-item__point-content--icon\"><span class=\"jet-elements-icon\"><svg aria-hidden=\"true\" class=\"e-font-icon-svg e-far-grin-beam\" viewbox=\"0 0 496 512\" xmlns=\"http:\/\/www.w3.org\/2000\/svg\"><path d=\"M248 8C111 8 0 119 0 256s111 248 248 248 248-111 248-248S385 8 248 8zm0 448c-110.3 0-200-89.7-200-200S137.7 56 248 56s200 89.7 200 200-89.7 200-200 200zm105.6-151.4c-25.9 8.3-64.4 13.1-105.6 13.1s-79.6-4.8-105.6-13.1c-9.8-3.1-19.4 5.3-17.7 15.3 7.9 47.1 71.3 80 123.3 80s115.3-32.9 123.3-80c1.6-9.8-7.7-18.4-17.7-15.3zm-235.9-72.9c3.5 1.1 7.4-.5 9.3-3.7l9.5-17c7.7-13.7 19.2-21.6 31.5-21.6s23.8 7.9 31.5 21.6l9.5 17c2.1 3.7 6.2 4.7 9.3 3.7 3.6-1.1 6-4.5 5.7-8.3-3.3-42.1-32.2-71.4-56-71.4s-52.7 29.3-56 71.4c-.3 3.7 2.1 7.2 5.7 8.3zm160 0c3.5 1.1 7.4-.5 9.3-3.7l9.5-17c7.7-13.7 19.2-21.6 31.5-21.6s23.8 7.9 31.5 21.6l9.5 17c2.1 3.7 6.2 4.7 9.3 3.7 3.6-1.1 6-4.5 5.7-8.3-3.3-42.1-32.2-71.4-56-71.4s-52.7 29.3-56 71.4c-.3 3.7 2.1 7.2 5.7 8.3z\"><\/path><\/svg><\/span><\/div><\/div><div class=\"timeline-item__meta\"><div class=\"timeline-item__meta-content\">Delivery of the photo booth<\/div><\/div><\/div><\/div><\/div><\/div>\t\t\t\t<\/div>\n\t\t\t\t<\/div>\n\t\t\t\t<div class=\"elementor-element elementor-element-997db8f elementor-widget elementor-widget-spacer\" data-id=\"997db8f\" data-element_type=\"widget\" data-e-type=\"widget\" data-widget_type=\"spacer.default\">\n\t\t\t\t<div class=\"elementor-widget-container\">\n\t\t\t\t\t\t\t<div class=\"elementor-spacer\">\n\t\t\t<div class=\"elementor-spacer-inner\"><\/div>\n\t\t<\/div>\n\t\t\t\t\t\t<\/div>\n\t\t\t\t<\/div>\n\t\t\t\t\t<\/div>\n\t\t\t\t<\/div>\n\t\t<div class=\"elementor-element elementor-element-189d32e e-flex e-con-boxed e-con e-parent\" data-id=\"189d32e\" data-element_type=\"container\" data-e-type=\"container\" data-settings=\"{&quot;jet_parallax_layout_list&quot;:[]}\">\n\t\t\t\t\t<div class=\"e-con-inner\">\n\t\t\t\t<div class=\"elementor-element elementor-element-f04f706 elementor-widget elementor-widget-jet-animated-text\" data-id=\"f04f706\" data-element_type=\"widget\" data-e-type=\"widget\" data-widget_type=\"jet-animated-text.default\">\n\t\t\t\t<div class=\"elementor-widget-container\">\n\t\t\t\t\t<div class=\"elementor-jet-animated-text jet-elements\">\n<div class=\"jet-animated-text jet-animated-text--effect-fx1\" data-settings='{&quot;effect&quot;:&quot;fx1&quot;,&quot;delay&quot;:3000}'>\n\t<div class=\"jet-animated-text__before-text\">\n\t<span>Request<\/span>&nbsp;<\/div>\n\t<div class=\"jet-animated-text__animated-text\">\n<div class=\"jet-animated-text__animated-text-item active visible translation-block\" dir=\"ltr\"><span style=\"width: auto; opacity: 1; transform: translateY(0%);\">A<\/span><span style=\"width: auto; opacity: 1; transform: translateY(0%);\">n<\/span><span style=\"width: auto; opacity: 1; transform: translateY(0%);\">f<\/span><span style=\"width: auto; opacity: 1; transform: translateY(0%);\">r<\/span><span style=\"width: auto; opacity: 1; transform: translateY(0%);\">a<\/span><span style=\"width: auto; opacity: 1; transform: translateY(0%);\">g<\/span><span style=\"width: auto; opacity: 1; transform: translateY(0%);\">e<\/span><span style=\"width: auto; opacity: 1; transform: translateY(0%);\">n<\/span><span style=\"width: auto; opacity: 1; transform: translateY(0%);\">&nbsp;<\/span><span style=\"width: auto; opacity: 1; transform: translateY(0%);\">!<\/span><\/div>\n<\/div>\t<\/div><\/div>\t\t\t\t<\/div>\n\t\t\t\t<\/div>\n\t\t\t\t<div class=\"elementor-element elementor-element-d63eaf7 elementor-align-center elementor-widget elementor-widget-button\" data-id=\"d63eaf7\" data-element_type=\"widget\" data-e-type=\"widget\" data-widget_type=\"button.default\">\n\t\t\t\t<div class=\"elementor-widget-container\">\n\t\t\t\t\t\t\t\t\t<div class=\"elementor-button-wrapper\">\n\t\t\t\t\t<a class=\"elementor-button elementor-button-link elementor-size-sm\" href=\"https:\/\/fotobox-ber.de\/reservieren\">\n\t\t\t\t\t\t<span class=\"elementor-button-content-wrapper\">\n\t\t\t\t\t\t\t\t\t<span class=\"elementor-button-text\">check availability<\/span>\n\t\t\t\t\t<\/span>\n\t\t\t\t\t<\/a>\n\t\t\t\t<\/div>\n\t\t\t\t\t\t\t\t<\/div>\n\t\t\t\t<\/div>\n\t\t\t\t\t<\/div>\n\t\t\t\t<\/div>\n\t\t\t\t<\/div>","protected":false},"excerpt":{"rendered":"<p>Die Fotobox Berlin Mieten Anmietung kurz und einfach erkl\u00e4rt Verf\u00fcgbarkeitsanfrage Ist die Fotobox frei? Pr\u00fcft zuerst ob an dem von Euch gew\u00fcnschten Termin unsere Fotobox zur Verf\u00fcgung steht. Ihr k\u00f6nnt Euch bereits vorab \u00fcberlegen ob Ihr eine Fotobox und einen Drucker haben m\u00f6chtet bzw. Interesse an einer Selbstabholung oder unserem An- und Abholservice habt. Nat\u00fcrlich [&hellip;]<\/p>\n","protected":false},"author":2,"featured_media":0,"parent":0,"menu_order":0,"comment_status":"closed","ping_status":"closed","template":"","meta":{"_acf_changed":false,"ngg_post_thumbnail":0,"footnotes":""},"class_list":["post-1773","page","type-page","status-publish","hentry"],"acf":[],"yoast_head":"<!-- This site is optimized with the Yoast SEO plugin v27.4 - https:\/\/yoast.com\/product\/yoast-seo-wordpress\/ -->\n<title>Fotobox Ablauf | So funktioniert die Buchung &amp; Lieferung in Berlin<\/title>\n<meta name=\"description\" content=\"So l\u00e4uft die Buchung Ihrer Fotobox in Berlin ab: Online anfragen, liefern lassen, feiern &amp; drucken. Design Fotobox mieten Berlin Ablauf!\" \/>\n<meta name=\"robots\" content=\"index, follow, max-snippet:-1, max-image-preview:large, max-video-preview:-1\" \/>\n<link rel=\"canonical\" href=\"https:\/\/fotobox-berlin-mieten.de\/en\/ablauf\/\" \/>\n<meta property=\"og:locale\" content=\"en_US\" \/>\n<meta property=\"og:type\" content=\"article\" \/>\n<meta property=\"og:title\" content=\"Fotobox Ablauf | So funktioniert die Buchung &amp; Lieferung in Berlin\" \/>\n<meta property=\"og:description\" content=\"So l\u00e4uft die Buchung Ihrer Fotobox in Berlin ab: Online anfragen, liefern lassen, feiern &amp; drucken. Design Fotobox mieten Berlin Ablauf!\" \/>\n<meta property=\"og:url\" content=\"https:\/\/fotobox-berlin-mieten.de\/en\/ablauf\/\" \/>\n<meta property=\"og:site_name\" content=\"Fotobox Berlin Mieten\" \/>\n<meta property=\"article:modified_time\" content=\"2025-12-17T11:12:32+00:00\" \/>\n<meta property=\"og:image\" content=\"https:\/\/fotobox-berlin-mieten.de\/wp-content\/uploads\/2018\/12\/line.png\" \/>\n<meta name=\"twitter:card\" content=\"summary_large_image\" \/>\n<meta name=\"twitter:label1\" content=\"Est. reading time\" \/>\n\t<meta name=\"twitter:data1\" content=\"2 minutes\" \/>\n<script type=\"application\/ld+json\" class=\"yoast-schema-graph\">{\"@context\":\"https:\\\/\\\/schema.org\",\"@graph\":[{\"@type\":\"WebPage\",\"@id\":\"https:\\\/\\\/fotobox-berlin-mieten.de\\\/ablauf\\\/\",\"url\":\"https:\\\/\\\/fotobox-berlin-mieten.de\\\/ablauf\\\/\",\"name\":\"Fotobox Ablauf | So funktioniert die Buchung & Lieferung in Berlin\",\"isPartOf\":{\"@id\":\"https:\\\/\\\/fotobox-berlin-mieten.de\\\/#website\"},\"primaryImageOfPage\":{\"@id\":\"https:\\\/\\\/fotobox-berlin-mieten.de\\\/ablauf\\\/#primaryimage\"},\"image\":{\"@id\":\"https:\\\/\\\/fotobox-berlin-mieten.de\\\/ablauf\\\/#primaryimage\"},\"thumbnailUrl\":\"https:\\\/\\\/fotobox-berlin-mieten.de\\\/wp-content\\\/uploads\\\/2018\\\/12\\\/line.png\",\"datePublished\":\"2025-11-22T11:59:15+00:00\",\"dateModified\":\"2025-12-17T11:12:32+00:00\",\"description\":\"So l\u00e4uft die Buchung Ihrer Fotobox in Berlin ab: Online anfragen, liefern lassen, feiern & drucken. Design Fotobox mieten Berlin Ablauf!\",\"breadcrumb\":{\"@id\":\"https:\\\/\\\/fotobox-berlin-mieten.de\\\/ablauf\\\/#breadcrumb\"},\"inLanguage\":\"en-US\",\"potentialAction\":[{\"@type\":\"ReadAction\",\"target\":[\"https:\\\/\\\/fotobox-berlin-mieten.de\\\/ablauf\\\/\"]}]},{\"@type\":\"ImageObject\",\"inLanguage\":\"en-US\",\"@id\":\"https:\\\/\\\/fotobox-berlin-mieten.de\\\/ablauf\\\/#primaryimage\",\"url\":\"https:\\\/\\\/fotobox-berlin-mieten.de\\\/wp-content\\\/uploads\\\/2018\\\/12\\\/line.png\",\"contentUrl\":\"https:\\\/\\\/fotobox-berlin-mieten.de\\\/wp-content\\\/uploads\\\/2018\\\/12\\\/line.png\"},{\"@type\":\"BreadcrumbList\",\"@id\":\"https:\\\/\\\/fotobox-berlin-mieten.de\\\/ablauf\\\/#breadcrumb\",\"itemListElement\":[{\"@type\":\"ListItem\",\"position\":1,\"name\":\"Startseite\",\"item\":\"https:\\\/\\\/fotobox-berlin-mieten.de\\\/\"},{\"@type\":\"ListItem\",\"position\":2,\"name\":\"ablauf\"}]},{\"@type\":\"WebSite\",\"@id\":\"https:\\\/\\\/fotobox-berlin-mieten.de\\\/#website\",\"url\":\"https:\\\/\\\/fotobox-berlin-mieten.de\\\/\",\"name\":\"Fotobox Berlin Mieten\",\"description\":\"Design Fotobox f\u00fcr jede Veranstaltung in Berlin\",\"potentialAction\":[{\"@type\":\"SearchAction\",\"target\":{\"@type\":\"EntryPoint\",\"urlTemplate\":\"https:\\\/\\\/fotobox-berlin-mieten.de\\\/?s={search_term_string}\"},\"query-input\":{\"@type\":\"PropertyValueSpecification\",\"valueRequired\":true,\"valueName\":\"search_term_string\"}}],\"inLanguage\":\"en-US\"}]}<\/script>\n<!-- \/ Yoast SEO plugin. -->","yoast_head_json":{"title":"Fotobox Ablauf | So funktioniert die Buchung & Lieferung in Berlin","description":"So l\u00e4uft die Buchung Ihrer Fotobox in Berlin ab: Online anfragen, liefern lassen, feiern & drucken. Design Fotobox mieten Berlin Ablauf!","robots":{"index":"index","follow":"follow","max-snippet":"max-snippet:-1","max-image-preview":"max-image-preview:large","max-video-preview":"max-video-preview:-1"},"canonical":"https:\/\/fotobox-berlin-mieten.de\/en\/ablauf\/","og_locale":"en_US","og_type":"article","og_title":"Fotobox Ablauf | So funktioniert die Buchung & Lieferung in Berlin","og_description":"So l\u00e4uft die Buchung Ihrer Fotobox in Berlin ab: Online anfragen, liefern lassen, feiern & drucken. Design Fotobox mieten Berlin Ablauf!","og_url":"https:\/\/fotobox-berlin-mieten.de\/en\/ablauf\/","og_site_name":"Fotobox Berlin Mieten","article_modified_time":"2025-12-17T11:12:32+00:00","og_image":[{"url":"https:\/\/fotobox-berlin-mieten.de\/wp-content\/uploads\/2018\/12\/line.png","type":"","width":"","height":""}],"twitter_card":"summary_large_image","twitter_misc":{"Est. reading time":"2 minutes"},"schema":{"@context":"https:\/\/schema.org","@graph":[{"@type":"WebPage","@id":"https:\/\/fotobox-berlin-mieten.de\/ablauf\/","url":"https:\/\/fotobox-berlin-mieten.de\/ablauf\/","name":"Fotobox Ablauf | So funktioniert die Buchung & Lieferung in Berlin","isPartOf":{"@id":"https:\/\/fotobox-berlin-mieten.de\/#website"},"primaryImageOfPage":{"@id":"https:\/\/fotobox-berlin-mieten.de\/ablauf\/#primaryimage"},"image":{"@id":"https:\/\/fotobox-berlin-mieten.de\/ablauf\/#primaryimage"},"thumbnailUrl":"https:\/\/fotobox-berlin-mieten.de\/wp-content\/uploads\/2018\/12\/line.png","datePublished":"2025-11-22T11:59:15+00:00","dateModified":"2025-12-17T11:12:32+00:00","description":"So l\u00e4uft die Buchung Ihrer Fotobox in Berlin ab: Online anfragen, liefern lassen, feiern & drucken. Design Fotobox mieten Berlin Ablauf!","breadcrumb":{"@id":"https:\/\/fotobox-berlin-mieten.de\/ablauf\/#breadcrumb"},"inLanguage":"en-US","potentialAction":[{"@type":"ReadAction","target":["https:\/\/fotobox-berlin-mieten.de\/ablauf\/"]}]},{"@type":"ImageObject","inLanguage":"en-US","@id":"https:\/\/fotobox-berlin-mieten.de\/ablauf\/#primaryimage","url":"https:\/\/fotobox-berlin-mieten.de\/wp-content\/uploads\/2018\/12\/line.png","contentUrl":"https:\/\/fotobox-berlin-mieten.de\/wp-content\/uploads\/2018\/12\/line.png"},{"@type":"BreadcrumbList","@id":"https:\/\/fotobox-berlin-mieten.de\/ablauf\/#breadcrumb","itemListElement":[{"@type":"ListItem","position":1,"name":"Startseite","item":"https:\/\/fotobox-berlin-mieten.de\/"},{"@type":"ListItem","position":2,"name":"ablauf"}]},{"@type":"WebSite","@id":"https:\/\/fotobox-berlin-mieten.de\/#website","url":"https:\/\/fotobox-berlin-mieten.de\/","name":"Rent a photo booth Berlin","description":"Design Fotobox f\u00fcr jede Veranstaltung in Berlin","potentialAction":[{"@type":"SearchAction","target":{"@type":"EntryPoint","urlTemplate":"https:\/\/fotobox-berlin-mieten.de\/?s={search_term_string}"},"query-input":{"@type":"PropertyValueSpecification","valueRequired":true,"valueName":"search_term_string"}}],"inLanguage":"en-US"}]}},"_links":{"self":[{"href":"https:\/\/fotobox-berlin-mieten.de\/en\/wp-json\/wp\/v2\/pages\/1773","targetHints":{"allow":["GET"]}}],"collection":[{"href":"https:\/\/fotobox-berlin-mieten.de\/en\/wp-json\/wp\/v2\/pages"}],"about":[{"href":"https:\/\/fotobox-berlin-mieten.de\/en\/wp-json\/wp\/v2\/types\/page"}],"author":[{"embeddable":true,"href":"https:\/\/fotobox-berlin-mieten.de\/en\/wp-json\/wp\/v2\/users\/2"}],"replies":[{"embeddable":true,"href":"https:\/\/fotobox-berlin-mieten.de\/en\/wp-json\/wp\/v2\/comments?post=1773"}],"version-history":[{"count":21,"href":"https:\/\/fotobox-berlin-mieten.de\/en\/wp-json\/wp\/v2\/pages\/1773\/revisions"}],"predecessor-version":[{"id":3090,"href":"https:\/\/fotobox-berlin-mieten.de\/en\/wp-json\/wp\/v2\/pages\/1773\/revisions\/3090"}],"wp:attachment":[{"href":"https:\/\/fotobox-berlin-mieten.de\/en\/wp-json\/wp\/v2\/media?parent=1773"}],"curies":[{"name":"wp","href":"https:\/\/api.w.org\/{rel}","templated":true}]}}