{"id":451,"date":"2025-06-02T17:34:22","date_gmt":"2025-06-02T15:34:22","guid":{"rendered":"https:\/\/staging.fotobox-berlin-mieten.de\/?page_id=451"},"modified":"2025-11-22T15:12:10","modified_gmt":"2025-11-22T14:12:10","slug":"unsere-fotobox","status":"publish","type":"page","link":"https:\/\/fotobox-berlin-mieten.de\/en\/unsere-fotobox\/","title":{"rendered":"unsere-Fotobox"},"content":{"rendered":"<div data-elementor-type=\"wp-page\" data-elementor-id=\"451\" class=\"elementor elementor-451\">\n\t\t\t\t<div class=\"elementor-element elementor-element-cc893f3 e-flex e-con-boxed e-con e-parent\" data-id=\"cc893f3\" data-element_type=\"container\" data-e-type=\"container\" data-settings=\"{&quot;jet_parallax_layout_list&quot;:[]}\">\n\t\t\t\t\t<div class=\"e-con-inner\">\n\t\t\t\t<div class=\"elementor-element elementor-element-9dc9d0f elementor-widget elementor-widget-heading\" data-id=\"9dc9d0f\" data-element_type=\"widget\" data-e-type=\"widget\" data-widget_type=\"heading.default\">\n\t\t\t\t<div class=\"elementor-widget-container\">\n\t\t\t\t\t<h2 class=\"elementor-heading-title elementor-size-default\">With our photo booth, we guarantee you the highest quality.\n\nWe'll tell you why!<\/h2>\t\t\t\t<\/div>\n\t\t\t\t<\/div>\n\t\t\t\t<div class=\"elementor-element elementor-element-e9b614e elementor-position-left elementor-vertical-align-middle elementor-widget elementor-widget-image-box\" data-id=\"e9b614e\" data-element_type=\"widget\" data-e-type=\"widget\" data-widget_type=\"image-box.default\">\n\t\t\t\t<div class=\"elementor-widget-container\">\n\t\t\t\t\t<div class=\"elementor-image-box-wrapper\"><figure class=\"elementor-image-box-img\"><img fetchpriority=\"high\" decoding=\"async\" width=\"686\" height=\"528\" src=\"https:\/\/fotobox-berlin-mieten.de\/wp-content\/uploads\/2025\/11\/Fotobox_Gehause_mit_Kamera_zum_Mieten.png\" class=\"attachment-full size-full wp-image-1676\" alt=\"Fotobox mit integrierter Kamera und Sofortdruck zum Mieten f\u00fcr Events und Feierlichkeiten\" srcset=\"https:\/\/fotobox-berlin-mieten.de\/wp-content\/uploads\/2025\/11\/Fotobox_Gehause_mit_Kamera_zum_Mieten.png 686w, https:\/\/fotobox-berlin-mieten.de\/wp-content\/uploads\/2025\/11\/Fotobox_Gehause_mit_Kamera_zum_Mieten-300x231.png 300w, https:\/\/fotobox-berlin-mieten.de\/wp-content\/uploads\/2025\/11\/Fotobox_Gehause_mit_Kamera_zum_Mieten-16x12.png 16w\" sizes=\"(max-width: 686px) 100vw, 686px\" \/><\/figure><div class=\"elementor-image-box-content\"><h3 class=\"elementor-image-box-title\">Excellent image quality thanks to Canon<\/h3><p class=\"elementor-image-box-description\">By renting and using our photobooth, you will receive first-class pictures and amazing print-outs. One of the reasons for this is a built-in SLR camera with up to 18 megapixels. The high-resolution creates amazing prints. You can also use the pictures from the USB-Stick to create a trendy poster.<\/p><\/div><\/div>\t\t\t\t<\/div>\n\t\t\t\t<\/div>\n\t\t\t\t<div class=\"elementor-element elementor-element-f861984 elementor-position-right elementor-vertical-align-middle elementor-widget elementor-widget-image-box\" data-id=\"f861984\" data-element_type=\"widget\" data-e-type=\"widget\" data-widget_type=\"image-box.default\">\n\t\t\t\t<div class=\"elementor-widget-container\">\n\t\t\t\t\t<div class=\"elementor-image-box-wrapper\"><figure class=\"elementor-image-box-img\"><img decoding=\"async\" width=\"536\" height=\"617\" data-src=\"https:\/\/fotobox-berlin-mieten.de\/wp-content\/uploads\/2025\/11\/Fotobox_Gehause_mit_Blitzsystem_zum_Mieten.png\" class=\"attachment-full size-full wp-image-1677 lazyload\" alt=\"Profesioneller Studioblitz montiert auf unserer Fotobox - hochwertige Beleuchtung f\u00fcr Events in Berlin\" data-srcset=\"https:\/\/fotobox-berlin-mieten.de\/wp-content\/uploads\/2025\/11\/Fotobox_Gehause_mit_Blitzsystem_zum_Mieten.png 536w, https:\/\/fotobox-berlin-mieten.de\/wp-content\/uploads\/2025\/11\/Fotobox_Gehause_mit_Blitzsystem_zum_Mieten-261x300.png 261w, https:\/\/fotobox-berlin-mieten.de\/wp-content\/uploads\/2025\/11\/Fotobox_Gehause_mit_Blitzsystem_zum_Mieten-10x12.png 10w\" data-sizes=\"(max-width: 536px) 100vw, 536px\" src=\"data:image\/svg+xml;base64,PHN2ZyB3aWR0aD0iMSIgaGVpZ2h0PSIxIiB4bWxucz0iaHR0cDovL3d3dy53My5vcmcvMjAwMC9zdmciPjwvc3ZnPg==\" style=\"--smush-placeholder-width: 536px; --smush-placeholder-aspect-ratio: 536\/617;\" \/><\/figure><div class=\"elementor-image-box-content\"><h3 class=\"elementor-image-box-title\">Studio flash &amp; beauty dish<\/h3><p class=\"elementor-image-box-description\">Our studio flash system is also used by professionals and ensures perfect light conditions when using the photobooth. Our SLR camera is perfectly synchronized to the studio-flash system so you will get the most out of each picture. Whether during the day or night, you will get the highest quality pictures.<\/p><\/div><\/div>\t\t\t\t<\/div>\n\t\t\t\t<\/div>\n\t\t\t\t<div class=\"elementor-element elementor-element-6718d31 elementor-position-left elementor-vertical-align-middle elementor-widget elementor-widget-image-box\" data-id=\"6718d31\" data-element_type=\"widget\" data-e-type=\"widget\" data-widget_type=\"image-box.default\">\n\t\t\t\t<div class=\"elementor-widget-container\">\n\t\t\t\t\t<div class=\"elementor-image-box-wrapper\"><figure class=\"elementor-image-box-img\"><img decoding=\"async\" width=\"827\" height=\"850\" data-src=\"https:\/\/fotobox-berlin-mieten.de\/wp-content\/uploads\/2025\/05\/fotobox_mitdrucker.png\" class=\"attachment-full size-full wp-image-293 lazyload\" alt=\"Fotobox Berlin mit Studioblitz und professionellem Fotodrucker f\u00fcr hochwertige Eventfotos\" data-srcset=\"https:\/\/fotobox-berlin-mieten.de\/wp-content\/uploads\/2025\/05\/fotobox_mitdrucker.png 827w, https:\/\/fotobox-berlin-mieten.de\/wp-content\/uploads\/2025\/05\/fotobox_mitdrucker-292x300.png 292w, https:\/\/fotobox-berlin-mieten.de\/wp-content\/uploads\/2025\/05\/fotobox_mitdrucker-768x789.png 768w\" data-sizes=\"(max-width: 827px) 100vw, 827px\" src=\"data:image\/svg+xml;base64,PHN2ZyB3aWR0aD0iMSIgaGVpZ2h0PSIxIiB4bWxucz0iaHR0cDovL3d3dy53My5vcmcvMjAwMC9zdmciPjwvc3ZnPg==\" style=\"--smush-placeholder-width: 827px; --smush-placeholder-aspect-ratio: 827\/850;\" \/><\/figure><div class=\"elementor-image-box-content\"><h3 class=\"elementor-image-box-title\">Instant printing in lab quality<\/h3><p class=\"elementor-image-box-description\">You will be impressed by our dye-sublimation printer. You can print out up to 420 pictures in perfect color depth and color saturation without having to refill the photo paper. In less than 10 seconds you will have your amazing print-out in your hands.<\/p><\/div><\/div>\t\t\t\t<\/div>\n\t\t\t\t<\/div>\n\t\t\t\t<div class=\"elementor-element elementor-element-1509a4c elementor-position-right elementor-vertical-align-middle elementor-widget elementor-widget-image-box\" data-id=\"1509a4c\" data-element_type=\"widget\" data-e-type=\"widget\" data-widget_type=\"image-box.default\">\n\t\t\t\t<div class=\"elementor-widget-container\">\n\t\t\t\t\t<div class=\"elementor-image-box-wrapper\"><figure class=\"elementor-image-box-img\"><img decoding=\"async\" width=\"500\" height=\"309\" data-src=\"https:\/\/fotobox-berlin-mieten.de\/wp-content\/uploads\/2025\/06\/1738179583.jpg\" class=\"attachment-full size-full wp-image-1041 lazyload\" alt=\"Design Skizze einer Fotobox auf Laptop - Fotobox Berlin Konzept\" data-srcset=\"https:\/\/fotobox-berlin-mieten.de\/wp-content\/uploads\/2025\/06\/1738179583.jpg 500w, https:\/\/fotobox-berlin-mieten.de\/wp-content\/uploads\/2025\/06\/1738179583-300x185.jpg 300w, https:\/\/fotobox-berlin-mieten.de\/wp-content\/uploads\/2025\/06\/1738179583-18x12.jpg 18w\" data-sizes=\"(max-width: 500px) 100vw, 500px\" src=\"data:image\/svg+xml;base64,PHN2ZyB3aWR0aD0iMSIgaGVpZ2h0PSIxIiB4bWxucz0iaHR0cDovL3d3dy53My5vcmcvMjAwMC9zdmciPjwvc3ZnPg==\" style=\"--smush-placeholder-width: 500px; --smush-placeholder-aspect-ratio: 500\/309;\" \/><\/figure><div class=\"elementor-image-box-content\"><h3 class=\"elementor-image-box-title\">At home in Berlin<\/h3><p class=\"elementor-image-box-description\">We designed and manufactured our photo booth in collaboration with local companies in Berlin. Therefore, it is not a mass-produced item but unique on the Berlin photo booth market.<\/p><\/div><\/div>\t\t\t\t<\/div>\n\t\t\t\t<\/div>\n\t\t\t\t<div class=\"elementor-element elementor-element-2ec36ee elementor-widget elementor-widget-image\" data-id=\"2ec36ee\" data-element_type=\"widget\" data-e-type=\"widget\" data-widget_type=\"image.default\">\n\t\t\t\t<div class=\"elementor-widget-container\">\n\t\t\t\t\t\t\t\t\t\t\t\t\t\t\t<img decoding=\"async\" width=\"96\" height=\"18\" data-src=\"https:\/\/fotobox-berlin-mieten.de\/wp-content\/uploads\/2025\/05\/line.png\" class=\"attachment-large size-large wp-image-314 lazyload\" alt=\"\" src=\"data:image\/svg+xml;base64,PHN2ZyB3aWR0aD0iMSIgaGVpZ2h0PSIxIiB4bWxucz0iaHR0cDovL3d3dy53My5vcmcvMjAwMC9zdmciPjwvc3ZnPg==\" style=\"--smush-placeholder-width: 96px; --smush-placeholder-aspect-ratio: 96\/18;\" \/>\t\t\t\t\t\t\t\t\t\t\t\t\t\t\t<\/div>\n\t\t\t\t<\/div>\n\t\t\t\t<div class=\"elementor-element elementor-element-bb5f688 elementor-widget elementor-widget-heading\" data-id=\"bb5f688\" data-element_type=\"widget\" data-e-type=\"widget\" data-widget_type=\"heading.default\">\n\t\t\t\t<div class=\"elementor-widget-container\">\n\t\t\t\t\t<h2 class=\"elementor-heading-title elementor-size-default translation-block\"><span class=\"raven-heading-plain-text raven-heading-text-wrapper\">The<\/span>\n\t\t\t\t<span class=\"raven-heading-dynamic-wrapper raven-heading-text-wrapper\">\n\t\t\t\t\t<span class=\"raven-heading-dynamic-text raven-heading-text-active\">result<\/span>\n\t\t\t\t<\/span><\/h2>\t\t\t\t<\/div>\n\t\t\t\t<\/div>\n\t\t\t\t<div class=\"elementor-element elementor-element-d11fc9c elementor-widget elementor-widget-text-editor\" data-id=\"d11fc9c\" data-element_type=\"widget\" data-e-type=\"widget\" data-widget_type=\"text-editor.default\">\n\t\t\t\t<div class=\"elementor-widget-container\">\n\t\t\t\t\t\t\t\t\t<p>Book now and you will not only receive a photobooth with a unique design but also equipped with high-quality components. For further information, feel free to contact us. We look forward to speaking with you.<\/p>\t\t\t\t\t\t\t\t<\/div>\n\t\t\t\t<\/div>\n\t\t\t\t<div class=\"elementor-element elementor-element-7c6e24a elementor-widget elementor-widget-image\" data-id=\"7c6e24a\" data-element_type=\"widget\" data-e-type=\"widget\" data-widget_type=\"image.default\">\n\t\t\t\t<div class=\"elementor-widget-container\">\n\t\t\t\t\t\t\t\t\t\t\t\t\t\t\t<img decoding=\"async\" width=\"569\" height=\"812\" data-src=\"https:\/\/fotobox-berlin-mieten.de\/wp-content\/uploads\/2025\/11\/Fotobox-im-Paket-mit-Drucker.jpg\" class=\"attachment-large size-large wp-image-1679 lazyload\" alt=\"\" data-srcset=\"https:\/\/fotobox-berlin-mieten.de\/wp-content\/uploads\/2025\/11\/Fotobox-im-Paket-mit-Drucker.jpg 569w, https:\/\/fotobox-berlin-mieten.de\/wp-content\/uploads\/2025\/11\/Fotobox-im-Paket-mit-Drucker-210x300.jpg 210w, https:\/\/fotobox-berlin-mieten.de\/wp-content\/uploads\/2025\/11\/Fotobox-im-Paket-mit-Drucker-8x12.jpg 8w\" data-sizes=\"(max-width: 569px) 100vw, 569px\" src=\"data:image\/svg+xml;base64,PHN2ZyB3aWR0aD0iMSIgaGVpZ2h0PSIxIiB4bWxucz0iaHR0cDovL3d3dy53My5vcmcvMjAwMC9zdmciPjwvc3ZnPg==\" style=\"--smush-placeholder-width: 569px; --smush-placeholder-aspect-ratio: 569\/812;\" \/>\t\t\t\t\t\t\t\t\t\t\t\t\t\t\t<\/div>\n\t\t\t\t<\/div>\n\t\t\t\t\t<\/div>\n\t\t\t\t<\/div>\n\t\t<div class=\"elementor-element elementor-element-2909ce4 e-flex e-con-boxed e-con e-parent\" data-id=\"2909ce4\" data-element_type=\"container\" data-e-type=\"container\" data-settings=\"{&quot;jet_parallax_layout_list&quot;:[]}\">\n\t\t\t\t\t<div class=\"e-con-inner\">\n\t\t\t\t<div class=\"elementor-element elementor-element-61cf214 elementor-widget elementor-widget-image\" data-id=\"61cf214\" data-element_type=\"widget\" data-e-type=\"widget\" data-widget_type=\"image.default\">\n\t\t\t\t<div class=\"elementor-widget-container\">\n\t\t\t\t\t\t\t\t\t\t\t\t\t\t\t<img decoding=\"async\" width=\"96\" height=\"18\" data-src=\"https:\/\/fotobox-berlin-mieten.de\/wp-content\/uploads\/2025\/05\/line.png\" class=\"attachment-large size-large wp-image-314 lazyload\" alt=\"\" src=\"data:image\/svg+xml;base64,PHN2ZyB3aWR0aD0iMSIgaGVpZ2h0PSIxIiB4bWxucz0iaHR0cDovL3d3dy53My5vcmcvMjAwMC9zdmciPjwvc3ZnPg==\" style=\"--smush-placeholder-width: 96px; --smush-placeholder-aspect-ratio: 96\/18;\" \/>\t\t\t\t\t\t\t\t\t\t\t\t\t\t\t<\/div>\n\t\t\t\t<\/div>\n\t\t\t\t<div class=\"elementor-element elementor-element-49fd459 elementor-widget elementor-widget-raven-counter\" data-id=\"49fd459\" data-element_type=\"widget\" data-e-type=\"widget\" data-settings=\"{&quot;columns&quot;:2,&quot;columns_tablet&quot;:2,&quot;columns_mobile&quot;:1}\" data-widget_type=\"raven-counter.default\">\n\t\t\t\t<div class=\"elementor-widget-container\">\n\t\t\t\t\t\t\t<div class=\"raven-counter-list raven-flex raven-flex-wrap raven-flex-between raven-flex-middle\">\n\t\t\t\t\t\t\t<div class=\"raven-counter-item\">\n\t\t\t\t\t<div class=\"raven-counter-icon\">\n\t\t\t\t\t<svg class=\"e-font-icon-svg e-fas-camera\" viewbox=\"0 0 512 512\" xmlns=\"http:\/\/www.w3.org\/2000\/svg\"><path d=\"M512 144v288c0 26.5-21.5 48-48 48H48c-26.5 0-48-21.5-48-48V144c0-26.5 21.5-48 48-48h88l12.3-32.9c7-18.7 24.9-31.1 44.9-31.1h125.5c20 0 37.9 12.4 44.9 31.1L376 96h88c26.5 0 48 21.5 48 48zM376 288c0-66.2-53.8-120-120-120s-120 53.8-120 120 53.8 120 120 120 120-53.8 120-120zm-32 0c0 48.5-39.5 88-88 88s-88-39.5-88-88 39.5-88 88-88 88 39.5 88 88z\"><\/path><\/svg>\n\t\t\t\t\t<\/div>\n\t\t\t\t\t<div class=\"raven-counter-number-wrapper\">\n\t\t\t\t\t\t<span class=\"raven-counter-number-prefix\"><\/span>\n\t\t\t\t\t\t<span class=\"raven-counter-number\" data-raven-counter=\"\" data-duration=\"2000\" data-to-value=\"1541257\" data-delimiter=\",\">0<\/span>\n\t\t\t\t\t\t<span class=\"raven-counter-number-suffix\"><\/span>\n\t\t\t\t\t<\/div>\n\t\t\t\t\t\t\t\t\t\t\t<div class=\"raven-counter-title\">Photos taken<\/div>\n\t\t\t\t\t\t\t\t\t<\/div>\n\t\t\t\t\t\t\t<div class=\"raven-counter-item\">\n\t\t\t\t\t<div class=\"raven-counter-icon\">\n\t\t\t\t\t<svg class=\"e-font-icon-svg e-fas-handshake\" viewbox=\"0 0 640 512\" xmlns=\"http:\/\/www.w3.org\/2000\/svg\"><path d=\"M434.7 64h-85.9c-8 0-15.7 3-21.6 8.4l-98.3 90c-.1.1-.2.3-.3.4-16.6 15.6-16.3 40.5-2.1 56 12.7 13.9 39.4 17.6 56.1 2.7.1-.1.3-.1.4-.2l79.9-73.2c6.5-5.9 16.7-5.5 22.6 1 6 6.5 5.5 16.6-1 22.6l-26.1 23.9L504 313.8c2.9 2.4 5.5 5 7.9 7.7V128l-54.6-54.6c-5.9-6-14.1-9.4-22.6-9.4zM544 128.2v223.9c0 17.7 14.3 32 32 32h64V128.2h-96zm48 223.9c-8.8 0-16-7.2-16-16s7.2-16 16-16 16 7.2 16 16-7.2 16-16 16zM0 384h64c17.7 0 32-14.3 32-32V128.2H0V384zm48-63.9c8.8 0 16 7.2 16 16s-7.2 16-16 16-16-7.2-16-16c0-8.9 7.2-16 16-16zm435.9 18.6L334.6 217.5l-30 27.5c-29.7 27.1-75.2 24.5-101.7-4.4-26.9-29.4-24.8-74.9 4.4-101.7L289.1 64h-83.8c-8.5 0-16.6 3.4-22.6 9.4L128 128v223.9h18.3l90.5 81.9c27.4 22.3 67.7 18.1 90-9.3l.2-.2 17.9 15.5c15.9 13 39.4 10.5 52.3-5.4l31.4-38.6 5.4 4.4c13.7 11.1 33.9 9.1 45-4.7l9.5-11.7c11.2-13.8 9.1-33.9-4.6-45.1z\"><\/path><\/svg>\n\t\t\t\t\t<\/div>\n\t\t\t\t\t<div class=\"raven-counter-number-wrapper\">\n\t\t\t\t\t\t<span class=\"raven-counter-number-prefix\"><\/span>\n\t\t\t\t\t\t<span class=\"raven-counter-number\" data-raven-counter=\"\" data-duration=\"2000\" data-to-value=\"2457\" data-delimiter=\",\">0<\/span>\n\t\t\t\t\t\t<span class=\"raven-counter-number-suffix\"><\/span>\n\t\t\t\t\t<\/div>\n\t\t\t\t\t\t\t\t\t\t\t<div class=\"raven-counter-title\">Satisfied customers<\/div>\n\t\t\t\t\t\t\t\t\t<\/div>\n\t\t\t\t\t<\/div>\n\t\t\t\t\t\t<\/div>\n\t\t\t\t<\/div>\n\t\t\t\t<div class=\"elementor-element elementor-element-f3474f8 elementor-align-center elementor-widget elementor-widget-button\" data-id=\"f3474f8\" data-element_type=\"widget\" data-e-type=\"widget\" data-widget_type=\"button.default\">\n\t\t\t\t<div class=\"elementor-widget-container\">\n\t\t\t\t\t\t\t\t\t<div class=\"elementor-button-wrapper\">\n\t\t\t\t\t<a class=\"elementor-button elementor-button-link elementor-size-sm\" href=\"https:\/\/fotobox-berlin-mieten.de\/en\/reservieren\/\">\n\t\t\t\t\t\t<span class=\"elementor-button-content-wrapper\">\n\t\t\t\t\t\t\t\t\t<span class=\"elementor-button-text\">Free inquiries<\/span>\n\t\t\t\t\t<\/span>\n\t\t\t\t\t<\/a>\n\t\t\t\t<\/div>\n\t\t\t\t\t\t\t\t<\/div>\n\t\t\t\t<\/div>\n\t\t\t\t<div class=\"elementor-element elementor-element-50a3dec elementor-widget elementor-widget-text-editor\" data-id=\"50a3dec\" data-element_type=\"widget\" data-e-type=\"widget\" data-widget_type=\"text-editor.default\">\n\t\t\t\t<div class=\"elementor-widget-container\">\n\t\t\t\t\t\t\t\t\t<p>Request a free, no-obligation quote for our photo booth in Berlin.<\/p>\t\t\t\t\t\t\t\t<\/div>\n\t\t\t\t<\/div>\n\t\t\t\t\t<\/div>\n\t\t\t\t<\/div>\n\t\t\t\t<\/div>","protected":false},"excerpt":{"rendered":"<p>Mit unserer Fotobox garantieren wir Euch h\u00f6chste Qualit\u00e4t. Wir verraten euch warum ! Hervorragende Bildqualit\u00e4t dank Canon Mit der Anmietung und Anwendung unserer Fotobox erhaltet Ihr erstklassige Bilder und Erinnerungsst\u00fccke. Das verdanken wir der eingebauten Spiegelreflexkamera eines ausgew\u00e4hlten Markenherstellers, die Euch erm\u00f6glicht Aufnahmen mit bis zu 18 Megapixel zu schie\u00dfen. Die hochaufgel\u00f6sten Bilder kommen auch [&hellip;]<\/p>\n","protected":false},"author":1,"featured_media":0,"parent":0,"menu_order":0,"comment_status":"closed","ping_status":"closed","template":"","meta":{"_acf_changed":false,"ngg_post_thumbnail":0,"footnotes":""},"class_list":["post-451","page","type-page","status-publish","hentry"],"acf":[],"yoast_head":"<!-- This site is optimized with the Yoast SEO plugin v27.4 - https:\/\/yoast.com\/product\/yoast-seo-wordpress\/ -->\n<title>Design Fotobox Berlin | Stilvolles Highlight f\u00fcr Ihr Event<\/title>\n<meta name=\"description\" content=\"Unsere Design Fotobox in Berlin: Hochwertige Technik im edlen Geh\u00e4use. Modern und stilvoll - das Highlight f\u00fcr Ihre Veranstaltung.\" \/>\n<meta name=\"robots\" content=\"index, follow, max-snippet:-1, max-image-preview:large, max-video-preview:-1\" \/>\n<link rel=\"canonical\" href=\"https:\/\/fotobox-berlin-mieten.de\/en\/unsere-fotobox\/\" \/>\n<meta property=\"og:locale\" content=\"en_US\" \/>\n<meta property=\"og:type\" content=\"article\" \/>\n<meta property=\"og:title\" content=\"Design Fotobox Berlin | Stilvolles Highlight f\u00fcr Ihr Event\" \/>\n<meta property=\"og:description\" content=\"Unsere Design Fotobox in Berlin: Hochwertige Technik im edlen Geh\u00e4use. Modern und stilvoll - das Highlight f\u00fcr Ihre Veranstaltung.\" \/>\n<meta property=\"og:url\" content=\"https:\/\/fotobox-berlin-mieten.de\/en\/unsere-fotobox\/\" \/>\n<meta property=\"og:site_name\" content=\"Fotobox Berlin Mieten\" \/>\n<meta property=\"article:modified_time\" content=\"2025-11-22T14:12:10+00:00\" \/>\n<meta property=\"og:image\" content=\"https:\/\/fotobox-berlin-mieten.de\/wp-content\/uploads\/2025\/11\/Fotobox_Gehause_mit_Kamera_zum_Mieten.png\" \/>\n\t<meta property=\"og:image:width\" content=\"686\" \/>\n\t<meta property=\"og:image:height\" content=\"528\" \/>\n\t<meta property=\"og:image:type\" content=\"image\/png\" \/>\n<meta name=\"twitter:card\" content=\"summary_large_image\" \/>\n<meta name=\"twitter:label1\" content=\"Est. reading time\" \/>\n\t<meta name=\"twitter:data1\" content=\"3 minutes\" \/>\n<script type=\"application\/ld+json\" class=\"yoast-schema-graph\">{\"@context\":\"https:\\\/\\\/schema.org\",\"@graph\":[{\"@type\":\"WebPage\",\"@id\":\"https:\\\/\\\/fotobox-berlin-mieten.de\\\/unsere-fotobox\\\/\",\"url\":\"https:\\\/\\\/fotobox-berlin-mieten.de\\\/unsere-fotobox\\\/\",\"name\":\"Design Fotobox Berlin | Stilvolles Highlight f\u00fcr Ihr Event\",\"isPartOf\":{\"@id\":\"https:\\\/\\\/fotobox-berlin-mieten.de\\\/#website\"},\"primaryImageOfPage\":{\"@id\":\"https:\\\/\\\/fotobox-berlin-mieten.de\\\/unsere-fotobox\\\/#primaryimage\"},\"image\":{\"@id\":\"https:\\\/\\\/fotobox-berlin-mieten.de\\\/unsere-fotobox\\\/#primaryimage\"},\"thumbnailUrl\":\"https:\\\/\\\/fotobox-berlin-mieten.de\\\/wp-content\\\/uploads\\\/2025\\\/11\\\/Fotobox_Gehause_mit_Kamera_zum_Mieten.png\",\"datePublished\":\"2025-06-02T15:34:22+00:00\",\"dateModified\":\"2025-11-22T14:12:10+00:00\",\"description\":\"Unsere Design Fotobox in Berlin: Hochwertige Technik im edlen Geh\u00e4use. Modern und stilvoll - das Highlight f\u00fcr Ihre Veranstaltung.\",\"breadcrumb\":{\"@id\":\"https:\\\/\\\/fotobox-berlin-mieten.de\\\/unsere-fotobox\\\/#breadcrumb\"},\"inLanguage\":\"en-US\",\"potentialAction\":[{\"@type\":\"ReadAction\",\"target\":[\"https:\\\/\\\/fotobox-berlin-mieten.de\\\/unsere-fotobox\\\/\"]}]},{\"@type\":\"ImageObject\",\"inLanguage\":\"en-US\",\"@id\":\"https:\\\/\\\/fotobox-berlin-mieten.de\\\/unsere-fotobox\\\/#primaryimage\",\"url\":\"https:\\\/\\\/fotobox-berlin-mieten.de\\\/wp-content\\\/uploads\\\/2025\\\/11\\\/Fotobox_Gehause_mit_Kamera_zum_Mieten.png\",\"contentUrl\":\"https:\\\/\\\/fotobox-berlin-mieten.de\\\/wp-content\\\/uploads\\\/2025\\\/11\\\/Fotobox_Gehause_mit_Kamera_zum_Mieten.png\"},{\"@type\":\"BreadcrumbList\",\"@id\":\"https:\\\/\\\/fotobox-berlin-mieten.de\\\/unsere-fotobox\\\/#breadcrumb\",\"itemListElement\":[{\"@type\":\"ListItem\",\"position\":1,\"name\":\"Startseite\",\"item\":\"https:\\\/\\\/fotobox-berlin-mieten.de\\\/\"},{\"@type\":\"ListItem\",\"position\":2,\"name\":\"unsere-Fotobox\"}]},{\"@type\":\"WebSite\",\"@id\":\"https:\\\/\\\/fotobox-berlin-mieten.de\\\/#website\",\"url\":\"https:\\\/\\\/fotobox-berlin-mieten.de\\\/\",\"name\":\"Fotobox Berlin Mieten\",\"description\":\"Design Fotobox f\u00fcr jede Veranstaltung in Berlin\",\"potentialAction\":[{\"@type\":\"SearchAction\",\"target\":{\"@type\":\"EntryPoint\",\"urlTemplate\":\"https:\\\/\\\/fotobox-berlin-mieten.de\\\/?s={search_term_string}\"},\"query-input\":{\"@type\":\"PropertyValueSpecification\",\"valueRequired\":true,\"valueName\":\"search_term_string\"}}],\"inLanguage\":\"en-US\"}]}<\/script>\n<!-- \/ Yoast SEO plugin. -->","yoast_head_json":{"title":"Design Fotobox Berlin | Stilvolles Highlight f\u00fcr Ihr Event","description":"Unsere Design Fotobox in Berlin: Hochwertige Technik im edlen Geh\u00e4use. Modern und stilvoll - das Highlight f\u00fcr Ihre Veranstaltung.","robots":{"index":"index","follow":"follow","max-snippet":"max-snippet:-1","max-image-preview":"max-image-preview:large","max-video-preview":"max-video-preview:-1"},"canonical":"https:\/\/fotobox-berlin-mieten.de\/en\/unsere-fotobox\/","og_locale":"en_US","og_type":"article","og_title":"Design Fotobox Berlin | Stilvolles Highlight f\u00fcr Ihr Event","og_description":"Unsere Design Fotobox in Berlin: Hochwertige Technik im edlen Geh\u00e4use. Modern und stilvoll - das Highlight f\u00fcr Ihre Veranstaltung.","og_url":"https:\/\/fotobox-berlin-mieten.de\/en\/unsere-fotobox\/","og_site_name":"Fotobox Berlin Mieten","article_modified_time":"2025-11-22T14:12:10+00:00","og_image":[{"width":686,"height":528,"url":"https:\/\/fotobox-berlin-mieten.de\/wp-content\/uploads\/2025\/11\/Fotobox_Gehause_mit_Kamera_zum_Mieten.png","type":"image\/png"}],"twitter_card":"summary_large_image","twitter_misc":{"Est. reading time":"3 minutes"},"schema":{"@context":"https:\/\/schema.org","@graph":[{"@type":"WebPage","@id":"https:\/\/fotobox-berlin-mieten.de\/unsere-fotobox\/","url":"https:\/\/fotobox-berlin-mieten.de\/unsere-fotobox\/","name":"Design Fotobox Berlin | Stilvolles Highlight f\u00fcr Ihr Event","isPartOf":{"@id":"https:\/\/fotobox-berlin-mieten.de\/#website"},"primaryImageOfPage":{"@id":"https:\/\/fotobox-berlin-mieten.de\/unsere-fotobox\/#primaryimage"},"image":{"@id":"https:\/\/fotobox-berlin-mieten.de\/unsere-fotobox\/#primaryimage"},"thumbnailUrl":"https:\/\/fotobox-berlin-mieten.de\/wp-content\/uploads\/2025\/11\/Fotobox_Gehause_mit_Kamera_zum_Mieten.png","datePublished":"2025-06-02T15:34:22+00:00","dateModified":"2025-11-22T14:12:10+00:00","description":"Unsere Design Fotobox in Berlin: Hochwertige Technik im edlen Geh\u00e4use. Modern und stilvoll - das Highlight f\u00fcr Ihre Veranstaltung.","breadcrumb":{"@id":"https:\/\/fotobox-berlin-mieten.de\/unsere-fotobox\/#breadcrumb"},"inLanguage":"en-US","potentialAction":[{"@type":"ReadAction","target":["https:\/\/fotobox-berlin-mieten.de\/unsere-fotobox\/"]}]},{"@type":"ImageObject","inLanguage":"en-US","@id":"https:\/\/fotobox-berlin-mieten.de\/unsere-fotobox\/#primaryimage","url":"https:\/\/fotobox-berlin-mieten.de\/wp-content\/uploads\/2025\/11\/Fotobox_Gehause_mit_Kamera_zum_Mieten.png","contentUrl":"https:\/\/fotobox-berlin-mieten.de\/wp-content\/uploads\/2025\/11\/Fotobox_Gehause_mit_Kamera_zum_Mieten.png"},{"@type":"BreadcrumbList","@id":"https:\/\/fotobox-berlin-mieten.de\/unsere-fotobox\/#breadcrumb","itemListElement":[{"@type":"ListItem","position":1,"name":"Startseite","item":"https:\/\/fotobox-berlin-mieten.de\/"},{"@type":"ListItem","position":2,"name":"unsere-Fotobox"}]},{"@type":"WebSite","@id":"https:\/\/fotobox-berlin-mieten.de\/#website","url":"https:\/\/fotobox-berlin-mieten.de\/","name":"Rent a photo booth Berlin","description":"Design Fotobox f\u00fcr jede Veranstaltung in Berlin","potentialAction":[{"@type":"SearchAction","target":{"@type":"EntryPoint","urlTemplate":"https:\/\/fotobox-berlin-mieten.de\/?s={search_term_string}"},"query-input":{"@type":"PropertyValueSpecification","valueRequired":true,"valueName":"search_term_string"}}],"inLanguage":"en-US"}]}},"_links":{"self":[{"href":"https:\/\/fotobox-berlin-mieten.de\/en\/wp-json\/wp\/v2\/pages\/451","targetHints":{"allow":["GET"]}}],"collection":[{"href":"https:\/\/fotobox-berlin-mieten.de\/en\/wp-json\/wp\/v2\/pages"}],"about":[{"href":"https:\/\/fotobox-berlin-mieten.de\/en\/wp-json\/wp\/v2\/types\/page"}],"author":[{"embeddable":true,"href":"https:\/\/fotobox-berlin-mieten.de\/en\/wp-json\/wp\/v2\/users\/1"}],"replies":[{"embeddable":true,"href":"https:\/\/fotobox-berlin-mieten.de\/en\/wp-json\/wp\/v2\/comments?post=451"}],"version-history":[{"count":60,"href":"https:\/\/fotobox-berlin-mieten.de\/en\/wp-json\/wp\/v2\/pages\/451\/revisions"}],"predecessor-version":[{"id":1800,"href":"https:\/\/fotobox-berlin-mieten.de\/en\/wp-json\/wp\/v2\/pages\/451\/revisions\/1800"}],"wp:attachment":[{"href":"https:\/\/fotobox-berlin-mieten.de\/en\/wp-json\/wp\/v2\/media?parent=451"}],"curies":[{"name":"wp","href":"https:\/\/api.w.org\/{rel}","templated":true}]}}