{"id":578,"date":"2025-06-03T20:38:54","date_gmt":"2025-06-03T18:38:54","guid":{"rendered":"https:\/\/staging.fotobox-berlin-mieten.de\/?page_id=578"},"modified":"2025-06-11T22:33:09","modified_gmt":"2025-06-11T20:33:09","slug":"blog","status":"publish","type":"page","link":"https:\/\/fotobox-berlin-mieten.de\/en\/blog\/","title":{"rendered":"blog"},"content":{"rendered":"<div data-elementor-type=\"wp-page\" data-elementor-id=\"578\" class=\"elementor elementor-578\">\n\t\t\t\t<div class=\"elementor-element elementor-element-e995972 e-flex e-con-boxed e-con e-parent\" data-id=\"e995972\" data-element_type=\"container\" data-e-type=\"container\" data-settings=\"{&quot;jet_parallax_layout_list&quot;:[]}\">\n\t\t\t\t\t<div class=\"e-con-inner\">\n\t\t\t\t<div class=\"elementor-element elementor-element-eb49814 elementor-widget elementor-widget-jet-posts\" data-id=\"eb49814\" data-element_type=\"widget\" data-e-type=\"widget\" data-settings=\"{&quot;columns&quot;:&quot;2&quot;,&quot;slides_to_scroll&quot;:&quot;1&quot;}\" data-widget_type=\"jet-posts.default\">\n\t\t\t\t<div class=\"elementor-widget-container\">\n\t\t\t\t\t<div class=\"elementor-jet-posts jet-elements\"><div class=\"jet-posts col-row  jet-equal-cols\"><div class=\"jet-posts__item\">\n\t<div class=\"jet-posts__inner-box lazyload\" style=\"background-image:inherit; background-repeat: no-repeat; background-size: cover; background-position: center center;\" data-bg-image=\"url(&#039;https:\/\/fotobox-berlin-mieten.de\/wp-content\/uploads\/2025\/05\/wedding-1610254_640-300x185.jpg&#039;)\"><div class=\"jet-posts__inner-content\"><h4 class=\"entry-title\"><a href=\"https:\/\/fotobox-berlin-mieten.de\/en\/einladung-zur-hochzeit-lasst-die-spiele-beginnen\/\" target=\"\">The wedding invitation - let the games begin!<\/a><\/h4><div class=\"entry-excerpt\">The wedding invitation - let the games begin! The time has come, you're holding a \"Save the...<\/div><div class=\"jet-more-wrap\"><a href=\"https:\/\/fotobox-berlin-mieten.de\/en\/einladung-zur-hochzeit-lasst-die-spiele-beginnen\/\" class=\"btn btn-primary elementor-button elementor-size-md jet-more\" target=\"\"><span class=\"btn__text\">read more<\/span><\/a><\/div><\/div><\/div>\n<\/div>\n<div class=\"jet-posts__item\">\n\t<div class=\"jet-posts__inner-box lazyload\" style=\"background-image:inherit; background-repeat: no-repeat; background-size: cover; background-position: center center;\" data-bg-image=\"url(&#039;https:\/\/fotobox-berlin-mieten.de\/wp-content\/uploads\/2025\/05\/hochzeitsbild-300x200.jpg&#039;)\"><div class=\"jet-posts__inner-content\"><h4 class=\"entry-title\"><a href=\"https:\/\/fotobox-berlin-mieten.de\/en\/fotobox-kennenlernspiel-fuer-hochzeiten\/\" target=\"\">Photo box get-to-know-you game for weddings<\/a><\/h4><div class=\"entry-excerpt\">Photo box game part 1 - The get-to-know-you game Many future bridal couples already know the problem. The seating and table arrangements must...<\/div><div class=\"jet-more-wrap\"><a href=\"https:\/\/fotobox-berlin-mieten.de\/en\/fotobox-kennenlernspiel-fuer-hochzeiten\/\" class=\"btn btn-primary elementor-button elementor-size-md jet-more\" target=\"\"><span class=\"btn__text\">read more<\/span><\/a><\/div><\/div><\/div>\n<\/div>\n<div class=\"jet-posts__item\">\n\t<div class=\"jet-posts__inner-box lazyload\" style=\"background-image:inherit; background-repeat: no-repeat; background-size: cover; background-position: center center;\" data-bg-image=\"url(&#039;https:\/\/fotobox-berlin-mieten.de\/wp-content\/uploads\/2025\/05\/rede_halten-300x200.jpg&#039;)\"><div class=\"jet-posts__inner-content\"><h4 class=\"entry-title\"><a href=\"https:\/\/fotobox-berlin-mieten.de\/en\/hochzeitsrede-halten-teil-1-die-vorbereitung\/\" target=\"\">Giving a wedding speech - the preparation (part 1)<\/a><\/h4><div class=\"entry-excerpt\">The wedding speech Giving a speech - Part 1 the preparation &gt;&gt; Giving a speech at the wedding reception? For God's sake!...<\/div><div class=\"jet-more-wrap\"><a href=\"https:\/\/fotobox-berlin-mieten.de\/en\/hochzeitsrede-halten-teil-1-die-vorbereitung\/\" class=\"btn btn-primary elementor-button elementor-size-md jet-more\" target=\"\"><span class=\"btn__text\">read more<\/span><\/a><\/div><\/div><\/div>\n<\/div>\n<div class=\"jet-posts__item\">\n\t<div class=\"jet-posts__inner-box lazyload\" style=\"background-image:inherit; background-repeat: no-repeat; background-size: cover; background-position: center center;\" data-bg-image=\"url(&#039;https:\/\/fotobox-berlin-mieten.de\/wp-content\/uploads\/2025\/05\/rede_halten-300x200.jpg&#039;)\"><div class=\"jet-posts__inner-content\"><h4 class=\"entry-title\"><a href=\"https:\/\/fotobox-berlin-mieten.de\/en\/hochzeitsrede-halten-teil-1-die-vorbereitung-2\/\" target=\"\">Giving a wedding speech - the preparation (part 2)<\/a><\/h4><div class=\"entry-excerpt\">The wedding speech Giving a speech - part 2 the preparation In the second part of how do I create an optimal wedding speech...<\/div><div class=\"jet-more-wrap\"><a href=\"https:\/\/fotobox-berlin-mieten.de\/en\/hochzeitsrede-halten-teil-1-die-vorbereitung-2\/\" class=\"btn btn-primary elementor-button elementor-size-md jet-more\" target=\"\"><span class=\"btn__text\">read more<\/span><\/a><\/div><\/div><\/div>\n<\/div>\n<div class=\"jet-posts__item\">\n\t<div class=\"jet-posts__inner-box lazyload\" style=\"background-image:inherit; background-repeat: no-repeat; background-size: cover; background-position: center center;\" data-bg-image=\"url(&#039;https:\/\/fotobox-berlin-mieten.de\/wp-content\/uploads\/2025\/05\/poetry-720609_640-300x211.jpg&#039;)\"><div class=\"jet-posts__inner-content\"><h4 class=\"entry-title\"><a href=\"https:\/\/fotobox-berlin-mieten.de\/en\/hochzeitsgedichte-fuer-gross-und-klein\/\" target=\"\">Wedding poems for young and old<\/a><\/h4><div class=\"entry-excerpt\">Wedding poems A poem can either be written on the wedding stationery or recited directly in front of everyone. Enclosed you will find a few...<\/div><div class=\"jet-more-wrap\"><a href=\"https:\/\/fotobox-berlin-mieten.de\/en\/hochzeitsgedichte-fuer-gross-und-klein\/\" class=\"btn btn-primary elementor-button elementor-size-md jet-more\" target=\"\"><span class=\"btn__text\">read more<\/span><\/a><\/div><\/div><\/div>\n<\/div>\n<div class=\"jet-posts__item\">\n\t<div class=\"jet-posts__inner-box lazyload\" style=\"background-image:inherit; background-repeat: no-repeat; background-size: cover; background-position: center center;\" data-bg-image=\"url(&#039;https:\/\/fotobox-berlin-mieten.de\/wp-content\/uploads\/2025\/05\/fotokiste_stativ_neu-130x300.png&#039;)\"><div class=\"jet-posts__inner-content\"><h4 class=\"entry-title\"><a href=\"https:\/\/fotobox-berlin-mieten.de\/en\/fotobox-berlin\/\" target=\"\">photo box-berlin<\/a><\/h4><div class=\"entry-excerpt\">Fotobox Berlin Your big day, your wedding is just around the corner? Everything is organized, planned, done, already for days....<\/div><div class=\"jet-more-wrap\"><a href=\"https:\/\/fotobox-berlin-mieten.de\/en\/fotobox-berlin\/\" class=\"btn btn-primary elementor-button elementor-size-md jet-more\" target=\"\"><span class=\"btn__text\">read more<\/span><\/a><\/div><\/div><\/div>\n<\/div>\n<\/div>\n<\/div>\t\t\t\t<\/div>\n\t\t\t\t<\/div>\n\t\t\t\t\t<\/div>\n\t\t\t\t<\/div>\n\t\t\t\t<\/div>","protected":false},"excerpt":{"rendered":"<p>Die Einladung zur Hochzeit &#8211; lasst die Spiele beginnen! Die Einladung zur Hochzeit &#8211; lasst die Spiele beginnen! Es ist soweit, Ihr haltet in Euren H\u00e4nden eine &#8222;Save the&hellip;mehr lesen Fotobox Kennerlernspiel f\u00fcr Hochzeiten Fotobox Spiel Teil 1 &#8211; Das Kennenlernspiel Sehr viele zuk\u00fcnftige Brautpaare kennen bereits das Problem. Die Sitz- und Tischordnung muss&hellip;mehr lesen [&hellip;]<\/p>\n","protected":false},"author":1,"featured_media":0,"parent":0,"menu_order":0,"comment_status":"closed","ping_status":"closed","template":"","meta":{"_acf_changed":false,"ngg_post_thumbnail":0,"footnotes":""},"class_list":["post-578","page","type-page","status-publish","hentry"],"acf":[],"yoast_head":"<!-- This site is optimized with the Yoast SEO plugin v27.4 - https:\/\/yoast.com\/product\/yoast-seo-wordpress\/ -->\n<title>blog - Fotobox Berlin Mieten<\/title>\n<meta name=\"robots\" content=\"index, follow, max-snippet:-1, max-image-preview:large, max-video-preview:-1\" \/>\n<link rel=\"canonical\" href=\"https:\/\/fotobox-berlin-mieten.de\/en\/blog\/\" \/>\n<meta property=\"og:locale\" content=\"en_US\" \/>\n<meta property=\"og:type\" content=\"article\" \/>\n<meta property=\"og:title\" content=\"blog - Fotobox Berlin Mieten\" \/>\n<meta property=\"og:description\" content=\"Die Einladung zur Hochzeit &#8211; lasst die Spiele beginnen! Die Einladung zur Hochzeit &#8211; lasst die Spiele beginnen! Es ist soweit, Ihr haltet in Euren H\u00e4nden eine &#8222;Save the&hellip;mehr lesen Fotobox Kennerlernspiel f\u00fcr Hochzeiten Fotobox Spiel Teil 1 &#8211; Das Kennenlernspiel Sehr viele zuk\u00fcnftige Brautpaare kennen bereits das Problem. Die Sitz- und Tischordnung muss&hellip;mehr lesen [&hellip;]\" \/>\n<meta property=\"og:url\" content=\"https:\/\/fotobox-berlin-mieten.de\/en\/blog\/\" \/>\n<meta property=\"og:site_name\" content=\"Fotobox Berlin Mieten\" \/>\n<meta property=\"article:modified_time\" content=\"2025-06-11T20:33:09+00:00\" \/>\n<meta name=\"twitter:card\" content=\"summary_large_image\" \/>\n<meta name=\"twitter:label1\" content=\"Est. reading time\" \/>\n\t<meta name=\"twitter:data1\" content=\"1 minute\" \/>\n<script type=\"application\/ld+json\" class=\"yoast-schema-graph\">{\"@context\":\"https:\\\/\\\/schema.org\",\"@graph\":[{\"@type\":\"WebPage\",\"@id\":\"https:\\\/\\\/fotobox-berlin-mieten.de\\\/blog\\\/\",\"url\":\"https:\\\/\\\/fotobox-berlin-mieten.de\\\/blog\\\/\",\"name\":\"blog - Fotobox Berlin Mieten\",\"isPartOf\":{\"@id\":\"https:\\\/\\\/fotobox-berlin-mieten.de\\\/#website\"},\"datePublished\":\"2025-06-03T18:38:54+00:00\",\"dateModified\":\"2025-06-11T20:33:09+00:00\",\"breadcrumb\":{\"@id\":\"https:\\\/\\\/fotobox-berlin-mieten.de\\\/blog\\\/#breadcrumb\"},\"inLanguage\":\"en-US\",\"potentialAction\":[{\"@type\":\"ReadAction\",\"target\":[\"https:\\\/\\\/fotobox-berlin-mieten.de\\\/blog\\\/\"]}]},{\"@type\":\"BreadcrumbList\",\"@id\":\"https:\\\/\\\/fotobox-berlin-mieten.de\\\/blog\\\/#breadcrumb\",\"itemListElement\":[{\"@type\":\"ListItem\",\"position\":1,\"name\":\"Startseite\",\"item\":\"https:\\\/\\\/fotobox-berlin-mieten.de\\\/\"},{\"@type\":\"ListItem\",\"position\":2,\"name\":\"blog\"}]},{\"@type\":\"WebSite\",\"@id\":\"https:\\\/\\\/fotobox-berlin-mieten.de\\\/#website\",\"url\":\"https:\\\/\\\/fotobox-berlin-mieten.de\\\/\",\"name\":\"Fotobox Berlin Mieten\",\"description\":\"Design Fotobox f\u00fcr jede Veranstaltung in Berlin\",\"potentialAction\":[{\"@type\":\"SearchAction\",\"target\":{\"@type\":\"EntryPoint\",\"urlTemplate\":\"https:\\\/\\\/fotobox-berlin-mieten.de\\\/?s={search_term_string}\"},\"query-input\":{\"@type\":\"PropertyValueSpecification\",\"valueRequired\":true,\"valueName\":\"search_term_string\"}}],\"inLanguage\":\"en-US\"}]}<\/script>\n<!-- \/ Yoast SEO plugin. -->","yoast_head_json":{"title":"blog - Fotobox Berlin Mieten","robots":{"index":"index","follow":"follow","max-snippet":"max-snippet:-1","max-image-preview":"max-image-preview:large","max-video-preview":"max-video-preview:-1"},"canonical":"https:\/\/fotobox-berlin-mieten.de\/en\/blog\/","og_locale":"en_US","og_type":"article","og_title":"blog - Fotobox Berlin Mieten","og_description":"Die Einladung zur Hochzeit &#8211; lasst die Spiele beginnen! Die Einladung zur Hochzeit &#8211; lasst die Spiele beginnen! Es ist soweit, Ihr haltet in Euren H\u00e4nden eine &#8222;Save the&hellip;mehr lesen Fotobox Kennerlernspiel f\u00fcr Hochzeiten Fotobox Spiel Teil 1 &#8211; Das Kennenlernspiel Sehr viele zuk\u00fcnftige Brautpaare kennen bereits das Problem. Die Sitz- und Tischordnung muss&hellip;mehr lesen [&hellip;]","og_url":"https:\/\/fotobox-berlin-mieten.de\/en\/blog\/","og_site_name":"Fotobox Berlin Mieten","article_modified_time":"2025-06-11T20:33:09+00:00","twitter_card":"summary_large_image","twitter_misc":{"Est. reading time":"1 minute"},"schema":{"@context":"https:\/\/schema.org","@graph":[{"@type":"WebPage","@id":"https:\/\/fotobox-berlin-mieten.de\/blog\/","url":"https:\/\/fotobox-berlin-mieten.de\/blog\/","name":"blog - Fotobox Berlin Mieten","isPartOf":{"@id":"https:\/\/fotobox-berlin-mieten.de\/#website"},"datePublished":"2025-06-03T18:38:54+00:00","dateModified":"2025-06-11T20:33:09+00:00","breadcrumb":{"@id":"https:\/\/fotobox-berlin-mieten.de\/blog\/#breadcrumb"},"inLanguage":"en-US","potentialAction":[{"@type":"ReadAction","target":["https:\/\/fotobox-berlin-mieten.de\/blog\/"]}]},{"@type":"BreadcrumbList","@id":"https:\/\/fotobox-berlin-mieten.de\/blog\/#breadcrumb","itemListElement":[{"@type":"ListItem","position":1,"name":"Startseite","item":"https:\/\/fotobox-berlin-mieten.de\/"},{"@type":"ListItem","position":2,"name":"blog"}]},{"@type":"WebSite","@id":"https:\/\/fotobox-berlin-mieten.de\/#website","url":"https:\/\/fotobox-berlin-mieten.de\/","name":"Rent a photo booth Berlin","description":"Design Fotobox f\u00fcr jede Veranstaltung in Berlin","potentialAction":[{"@type":"SearchAction","target":{"@type":"EntryPoint","urlTemplate":"https:\/\/fotobox-berlin-mieten.de\/?s={search_term_string}"},"query-input":{"@type":"PropertyValueSpecification","valueRequired":true,"valueName":"search_term_string"}}],"inLanguage":"en-US"}]}},"_links":{"self":[{"href":"https:\/\/fotobox-berlin-mieten.de\/en\/wp-json\/wp\/v2\/pages\/578","targetHints":{"allow":["GET"]}}],"collection":[{"href":"https:\/\/fotobox-berlin-mieten.de\/en\/wp-json\/wp\/v2\/pages"}],"about":[{"href":"https:\/\/fotobox-berlin-mieten.de\/en\/wp-json\/wp\/v2\/types\/page"}],"author":[{"embeddable":true,"href":"https:\/\/fotobox-berlin-mieten.de\/en\/wp-json\/wp\/v2\/users\/1"}],"replies":[{"embeddable":true,"href":"https:\/\/fotobox-berlin-mieten.de\/en\/wp-json\/wp\/v2\/comments?post=578"}],"version-history":[{"count":26,"href":"https:\/\/fotobox-berlin-mieten.de\/en\/wp-json\/wp\/v2\/pages\/578\/revisions"}],"predecessor-version":[{"id":848,"href":"https:\/\/fotobox-berlin-mieten.de\/en\/wp-json\/wp\/v2\/pages\/578\/revisions\/848"}],"wp:attachment":[{"href":"https:\/\/fotobox-berlin-mieten.de\/en\/wp-json\/wp\/v2\/media?parent=578"}],"curies":[{"name":"wp","href":"https:\/\/api.w.org\/{rel}","templated":true}]}}